{"id":3384,"date":"2025-01-05T18:19:59","date_gmt":"2025-01-05T16:19:59","guid":{"rendered":"https:\/\/tadejpogacar.com\/sl\/?post_type=product&#038;p=3384"},"modified":"2026-03-03T21:59:45","modified_gmt":"2026-03-03T19:59:45","slug":"uae2025","status":"publish","type":"product","link":"https:\/\/tadejpogacar.com\/sl\/izdelek\/uae2025\/","title":{"rendered":"Majica Jersey Team UAE Emirates 2025"},"content":{"rendered":"<ul>\n<li>Obla\u010dilo operite navzven v pralnem stroju pri temperaturi najve\u010d 30\u00b0C.<\/li>\n<li>Cikel ob\u010dutljivega pranja\/Hitro pranje.<\/li>\n<li>Ne uporabljajte sinteti\u010dnega cikla pranja.<\/li>\n<li>Svetlo in temno perilo perite lo\u010deno.<\/li>\n<li>Ne belite in ne \u010distite kemi\u010dno.<\/li>\n<li>Ne likajte in ne su\u0161ite v su\u0161ilnem stroju.<\/li>\n<\/ul>\n","protected":false},"excerpt":{"rendered":"<p>Pissei Replica Jersey Team UAE Emirates 2025 kolesarska majica je uradna replika kolesarske majice ekipe Team UAE Emirates za leto 2025. Za to ekipo kolesari tudi eden najbolj\u0161ih kolesarjev na svetu Tadej Poga\u010dar. Majica je narejena iz treh razli\u010dnih materialov (sprednji del, rokavi, zadnji del) kar omogo\u010da udobje, aerodinamiko ter zra\u010dnost. Tak\u0161na konstrukcija zagotavlja prilaganje vsem tipom postave, rokav je iz aerodinami\u010dne tkanine, kar je v kontrastu z mre\u017eastim hrbtom, ki omogo\u010da maksimalno zra\u010dnost. Na spodnjem robu je poseben silikonski nanos, ki pripomore k temu, da majica ostane na svojem mestu. Na zadnji strani ima tri priro\u010dne \u017eepe. Majica je zelo atraktivna in udobna za no\u0161enje.<\/p>\n","protected":false},"featured_media":3389,"template":"","meta":{"_acf_changed":false,"iawp_total_views":1326},"product_brand":[],"product_cat":[193,32],"product_tag":[],"class_list":{"0":"post-3384","1":"product","2":"type-product","3":"status-publish","4":"has-post-thumbnail","6":"product_cat-kolesarstvo","7":"product_cat-razprodaja","8":"pa_gender-zenska","9":"pa_gender-moski","10":"pa_size-xs","11":"pa_size-s","12":"pa_size-m","13":"pa_size-l","14":"pa_size-xl","15":"pa_size-2xl","16":"pa_size-3xl","18":"first","19":"instock","20":"sale","21":"taxable","22":"shipping-taxable","23":"purchasable","24":"product-type-variable","25":"has-default-attributes"},"acf":[],"yoast_head":"<!-- This site is optimized with the Yoast SEO plugin v27.1.1 - https:\/\/yoast.com\/product\/yoast-seo-wordpress\/ -->\n<title>Majica Jersey Team UAE Emirates 2025 - Tadej Poga\u010dar<\/title>\n<meta name=\"robots\" content=\"index, follow, max-snippet:-1, max-image-preview:large, max-video-preview:-1\" \/>\n<link rel=\"canonical\" href=\"https:\/\/tadejpogacar.com\/sl\/izdelek\/uae2025\/\" \/>\n<meta property=\"og:locale\" content=\"sl_SI\" \/>\n<meta property=\"og:type\" content=\"article\" \/>\n<meta property=\"og:title\" content=\"Majica Jersey Team UAE Emirates 2025 - Tadej Poga\u010dar\" \/>\n<meta property=\"og:description\" content=\"Pissei Replica Jersey Team UAE Emirates 2025 kolesarska majica je uradna replika kolesarske majice ekipe Team UAE Emirates za leto 2025. Za to ekipo kolesari tudi eden najbolj\u0161ih kolesarjev na svetu Tadej Poga\u010dar. Majica je narejena iz treh razli\u010dnih materialov (sprednji del, rokavi, zadnji del) kar omogo\u010da udobje, aerodinamiko ter zra\u010dnost. Tak\u0161na konstrukcija zagotavlja prilaganje vsem tipom postave, rokav je iz aerodinami\u010dne tkanine, kar je v kontrastu z mre\u017eastim hrbtom, ki omogo\u010da maksimalno zra\u010dnost. Na spodnjem robu je poseben silikonski nanos, ki pripomore k temu, da majica ostane na svojem mestu. Na zadnji strani ima tri priro\u010dne \u017eepe. Majica je zelo atraktivna in udobna za no\u0161enje.\" \/>\n<meta property=\"og:url\" content=\"https:\/\/tadejpogacar.com\/sl\/izdelek\/uae2025\/\" \/>\n<meta property=\"og:site_name\" content=\"Tadej Poga\u010dar\" \/>\n<meta property=\"article:publisher\" content=\"https:\/\/www.facebook.com\/Tadej-Pogaar-Brand-108786571960953\" \/>\n<meta property=\"article:modified_time\" content=\"2026-03-03T19:59:45+00:00\" \/>\n<meta property=\"og:image\" content=\"https:\/\/tadejpogacar.com\/sl\/wp-content\/uploads\/sites\/3\/2025\/01\/Screenshot_4.jpg\" \/>\n\t<meta property=\"og:image:width\" content=\"592\" \/>\n\t<meta property=\"og:image:height\" content=\"597\" \/>\n\t<meta property=\"og:image:type\" content=\"image\/jpeg\" \/>\n<meta name=\"twitter:card\" content=\"summary_large_image\" \/>\n<meta name=\"twitter:site\" content=\"@TamauPogi\" \/>\n<meta name=\"twitter:label1\" content=\"Est. reading time\" \/>\n\t<meta name=\"twitter:data1\" content=\"1 minuta\" \/>\n<script type=\"application\/ld+json\" class=\"yoast-schema-graph\">{\"@context\":\"https:\/\/schema.org\",\"@graph\":[{\"@type\":\"WebPage\",\"@id\":\"https:\/\/tadejpogacar.com\/sl\/izdelek\/uae2025\/\",\"url\":\"https:\/\/tadejpogacar.com\/sl\/izdelek\/uae2025\/\",\"name\":\"Majica Jersey Team UAE Emirates 2025 - Tadej Poga\u010dar\",\"isPartOf\":{\"@id\":\"https:\/\/tadejpogacar.com\/sl\/#website\"},\"primaryImageOfPage\":{\"@id\":\"https:\/\/tadejpogacar.com\/sl\/izdelek\/uae2025\/#primaryimage\"},\"image\":{\"@id\":\"https:\/\/tadejpogacar.com\/sl\/izdelek\/uae2025\/#primaryimage\"},\"thumbnailUrl\":\"https:\/\/tadejpogacar.com\/sl\/wp-content\/uploads\/sites\/3\/2025\/01\/Screenshot_4.jpg\",\"datePublished\":\"2025-01-05T16:19:59+00:00\",\"dateModified\":\"2026-03-03T19:59:45+00:00\",\"breadcrumb\":{\"@id\":\"https:\/\/tadejpogacar.com\/sl\/izdelek\/uae2025\/#breadcrumb\"},\"inLanguage\":\"sl-SI\",\"potentialAction\":[{\"@type\":\"ReadAction\",\"target\":[\"https:\/\/tadejpogacar.com\/sl\/izdelek\/uae2025\/\"]}]},{\"@type\":\"ImageObject\",\"inLanguage\":\"sl-SI\",\"@id\":\"https:\/\/tadejpogacar.com\/sl\/izdelek\/uae2025\/#primaryimage\",\"url\":\"https:\/\/tadejpogacar.com\/sl\/wp-content\/uploads\/sites\/3\/2025\/01\/Screenshot_4.jpg\",\"contentUrl\":\"https:\/\/tadejpogacar.com\/sl\/wp-content\/uploads\/sites\/3\/2025\/01\/Screenshot_4.jpg\",\"width\":592,\"height\":597},{\"@type\":\"BreadcrumbList\",\"@id\":\"https:\/\/tadejpogacar.com\/sl\/izdelek\/uae2025\/#breadcrumb\",\"itemListElement\":[{\"@type\":\"ListItem\",\"position\":1,\"name\":\"Home\",\"item\":\"https:\/\/tadejpogacar.com\/sl\/\"},{\"@type\":\"ListItem\",\"position\":2,\"name\":\"Trgovina\",\"item\":\"https:\/\/tadejpogacar.com\/sl\/trgovina\/\"},{\"@type\":\"ListItem\",\"position\":3,\"name\":\"Majica Jersey Team UAE Emirates 2025\"}]},{\"@type\":\"WebSite\",\"@id\":\"https:\/\/tadejpogacar.com\/sl\/#website\",\"url\":\"https:\/\/tadejpogacar.com\/sl\/\",\"name\":\"Tadej Poga\u010dar\",\"description\":\"Uradna spletna stran\",\"publisher\":{\"@id\":\"https:\/\/tadejpogacar.com\/sl\/#organization\"},\"potentialAction\":[{\"@type\":\"SearchAction\",\"target\":{\"@type\":\"EntryPoint\",\"urlTemplate\":\"https:\/\/tadejpogacar.com\/sl\/?s={search_term_string}\"},\"query-input\":{\"@type\":\"PropertyValueSpecification\",\"valueRequired\":true,\"valueName\":\"search_term_string\"}}],\"inLanguage\":\"sl-SI\"},{\"@type\":\"Organization\",\"@id\":\"https:\/\/tadejpogacar.com\/sl\/#organization\",\"name\":\"Na klancu d.o.o.\",\"url\":\"https:\/\/tadejpogacar.com\/sl\/\",\"logo\":{\"@type\":\"ImageObject\",\"inLanguage\":\"sl-SI\",\"@id\":\"https:\/\/tadejpogacar.com\/sl\/#\/schema\/logo\/image\/\",\"url\":\"https:\/\/tadejpogacar.com\/sl\/wp-content\/uploads\/sites\/3\/2024\/08\/TadejPogacar.webp\",\"contentUrl\":\"https:\/\/tadejpogacar.com\/sl\/wp-content\/uploads\/sites\/3\/2024\/08\/TadejPogacar.webp\",\"width\":300,\"height\":68,\"caption\":\"Na klancu d.o.o.\"},\"image\":{\"@id\":\"https:\/\/tadejpogacar.com\/sl\/#\/schema\/logo\/image\/\"},\"sameAs\":[\"https:\/\/www.facebook.com\/Tadej-Pogaar-Brand-108786571960953\",\"https:\/\/x.com\/TamauPogi\",\"https:\/\/www.instagram.com\/tadejpogacar\/\",\"https:\/\/www.youtube.com\/c\/TadejPogacarOfficial\/videos\"]}]}<\/script>\n<!-- \/ Yoast SEO plugin. -->","yoast_head_json":{"title":"Majica Jersey Team UAE Emirates 2025 - Tadej Poga\u010dar","robots":{"index":"index","follow":"follow","max-snippet":"max-snippet:-1","max-image-preview":"max-image-preview:large","max-video-preview":"max-video-preview:-1"},"canonical":"https:\/\/tadejpogacar.com\/sl\/izdelek\/uae2025\/","og_locale":"sl_SI","og_type":"article","og_title":"Majica Jersey Team UAE Emirates 2025 - Tadej Poga\u010dar","og_description":"Pissei Replica Jersey Team UAE Emirates 2025 kolesarska majica je uradna replika kolesarske majice ekipe Team UAE Emirates za leto 2025. Za to ekipo kolesari tudi eden najbolj\u0161ih kolesarjev na svetu Tadej Poga\u010dar. Majica je narejena iz treh razli\u010dnih materialov (sprednji del, rokavi, zadnji del) kar omogo\u010da udobje, aerodinamiko ter zra\u010dnost. Tak\u0161na konstrukcija zagotavlja prilaganje vsem tipom postave, rokav je iz aerodinami\u010dne tkanine, kar je v kontrastu z mre\u017eastim hrbtom, ki omogo\u010da maksimalno zra\u010dnost. Na spodnjem robu je poseben silikonski nanos, ki pripomore k temu, da majica ostane na svojem mestu. Na zadnji strani ima tri priro\u010dne \u017eepe. Majica je zelo atraktivna in udobna za no\u0161enje.","og_url":"https:\/\/tadejpogacar.com\/sl\/izdelek\/uae2025\/","og_site_name":"Tadej Poga\u010dar","article_publisher":"https:\/\/www.facebook.com\/Tadej-Pogaar-Brand-108786571960953","article_modified_time":"2026-03-03T19:59:45+00:00","og_image":[{"width":592,"height":597,"url":"https:\/\/tadejpogacar.com\/sl\/wp-content\/uploads\/sites\/3\/2025\/01\/Screenshot_4.jpg","type":"image\/jpeg"}],"twitter_card":"summary_large_image","twitter_site":"@TamauPogi","twitter_misc":{"Est. reading time":"1 minuta"},"schema":{"@context":"https:\/\/schema.org","@graph":[{"@type":"WebPage","@id":"https:\/\/tadejpogacar.com\/sl\/izdelek\/uae2025\/","url":"https:\/\/tadejpogacar.com\/sl\/izdelek\/uae2025\/","name":"Majica Jersey Team UAE Emirates 2025 - Tadej Poga\u010dar","isPartOf":{"@id":"https:\/\/tadejpogacar.com\/sl\/#website"},"primaryImageOfPage":{"@id":"https:\/\/tadejpogacar.com\/sl\/izdelek\/uae2025\/#primaryimage"},"image":{"@id":"https:\/\/tadejpogacar.com\/sl\/izdelek\/uae2025\/#primaryimage"},"thumbnailUrl":"https:\/\/tadejpogacar.com\/sl\/wp-content\/uploads\/sites\/3\/2025\/01\/Screenshot_4.jpg","datePublished":"2025-01-05T16:19:59+00:00","dateModified":"2026-03-03T19:59:45+00:00","breadcrumb":{"@id":"https:\/\/tadejpogacar.com\/sl\/izdelek\/uae2025\/#breadcrumb"},"inLanguage":"sl-SI","potentialAction":[{"@type":"ReadAction","target":["https:\/\/tadejpogacar.com\/sl\/izdelek\/uae2025\/"]}]},{"@type":"ImageObject","inLanguage":"sl-SI","@id":"https:\/\/tadejpogacar.com\/sl\/izdelek\/uae2025\/#primaryimage","url":"https:\/\/tadejpogacar.com\/sl\/wp-content\/uploads\/sites\/3\/2025\/01\/Screenshot_4.jpg","contentUrl":"https:\/\/tadejpogacar.com\/sl\/wp-content\/uploads\/sites\/3\/2025\/01\/Screenshot_4.jpg","width":592,"height":597},{"@type":"BreadcrumbList","@id":"https:\/\/tadejpogacar.com\/sl\/izdelek\/uae2025\/#breadcrumb","itemListElement":[{"@type":"ListItem","position":1,"name":"Home","item":"https:\/\/tadejpogacar.com\/sl\/"},{"@type":"ListItem","position":2,"name":"Trgovina","item":"https:\/\/tadejpogacar.com\/sl\/trgovina\/"},{"@type":"ListItem","position":3,"name":"Majica Jersey Team UAE Emirates 2025"}]},{"@type":"WebSite","@id":"https:\/\/tadejpogacar.com\/sl\/#website","url":"https:\/\/tadejpogacar.com\/sl\/","name":"Tadej Poga\u010dar","description":"Uradna spletna stran","publisher":{"@id":"https:\/\/tadejpogacar.com\/sl\/#organization"},"potentialAction":[{"@type":"SearchAction","target":{"@type":"EntryPoint","urlTemplate":"https:\/\/tadejpogacar.com\/sl\/?s={search_term_string}"},"query-input":{"@type":"PropertyValueSpecification","valueRequired":true,"valueName":"search_term_string"}}],"inLanguage":"sl-SI"},{"@type":"Organization","@id":"https:\/\/tadejpogacar.com\/sl\/#organization","name":"Na klancu d.o.o.","url":"https:\/\/tadejpogacar.com\/sl\/","logo":{"@type":"ImageObject","inLanguage":"sl-SI","@id":"https:\/\/tadejpogacar.com\/sl\/#\/schema\/logo\/image\/","url":"https:\/\/tadejpogacar.com\/sl\/wp-content\/uploads\/sites\/3\/2024\/08\/TadejPogacar.webp","contentUrl":"https:\/\/tadejpogacar.com\/sl\/wp-content\/uploads\/sites\/3\/2024\/08\/TadejPogacar.webp","width":300,"height":68,"caption":"Na klancu d.o.o."},"image":{"@id":"https:\/\/tadejpogacar.com\/sl\/#\/schema\/logo\/image\/"},"sameAs":["https:\/\/www.facebook.com\/Tadej-Pogaar-Brand-108786571960953","https:\/\/x.com\/TamauPogi","https:\/\/www.instagram.com\/tadejpogacar\/","https:\/\/www.youtube.com\/c\/TadejPogacarOfficial\/videos"]}]}},"_links":{"self":[{"href":"https:\/\/tadejpogacar.com\/sl\/wp-json\/wp\/v2\/product\/3384","targetHints":{"allow":["GET"]}}],"collection":[{"href":"https:\/\/tadejpogacar.com\/sl\/wp-json\/wp\/v2\/product"}],"about":[{"href":"https:\/\/tadejpogacar.com\/sl\/wp-json\/wp\/v2\/types\/product"}],"wp:featuredmedia":[{"embeddable":true,"href":"https:\/\/tadejpogacar.com\/sl\/wp-json\/wp\/v2\/media\/3389"}],"wp:attachment":[{"href":"https:\/\/tadejpogacar.com\/sl\/wp-json\/wp\/v2\/media?parent=3384"}],"wp:term":[{"taxonomy":"product_brand","embeddable":true,"href":"https:\/\/tadejpogacar.com\/sl\/wp-json\/wp\/v2\/product_brand?post=3384"},{"taxonomy":"product_cat","embeddable":true,"href":"https:\/\/tadejpogacar.com\/sl\/wp-json\/wp\/v2\/product_cat?post=3384"},{"taxonomy":"product_tag","embeddable":true,"href":"https:\/\/tadejpogacar.com\/sl\/wp-json\/wp\/v2\/product_tag?post=3384"}],"curies":[{"name":"wp","href":"https:\/\/api.w.org\/{rel}","templated":true}]}}