{"id":34,"date":"2024-08-30T06:35:50","date_gmt":"2024-08-30T06:35:50","guid":{"rendered":"https:\/\/tadejpogacar.com\/sl\/?page_id=34"},"modified":"2024-09-18T09:52:19","modified_gmt":"2024-09-18T07:52:19","slug":"o-meni","status":"publish","type":"page","link":"https:\/\/tadejpogacar.com\/sl\/o-meni\/","title":{"rendered":"O meni"},"content":{"rendered":"\t\t<div data-elementor-type=\"wp-page\" data-elementor-id=\"34\" class=\"elementor elementor-34\">\n\t\t\t\t<div class=\"wd-negative-gap elementor-element elementor-element-7044da2 wd-section-stretch elementor-hidden-mobile e-flex e-con-boxed e-con e-parent\" data-id=\"7044da2\" data-element_type=\"container\" data-e-type=\"container\" data-settings=\"{&quot;background_background&quot;:&quot;classic&quot;}\">\n\t\t\t\t\t<div class=\"e-con-inner\">\n\t\t<div class=\"elementor-element elementor-element-5f64c2c e-con-full e-flex e-con e-child\" data-id=\"5f64c2c\" data-element_type=\"container\" data-e-type=\"container\" data-settings=\"{&quot;background_background&quot;:&quot;classic&quot;}\">\n\t\t\t\t<\/div>\n\t\t<div class=\"elementor-element elementor-element-d96427e e-con-full e-flex e-con e-child\" data-id=\"d96427e\" data-element_type=\"container\" data-e-type=\"container\">\n\t\t\t\t<div class=\"elementor-element elementor-element-3b547b2 wd-width-100 elementor-widget elementor-widget-wd_title\" data-id=\"3b547b2\" data-element_type=\"widget\" data-e-type=\"widget\" data-widget_type=\"wd_title.default\">\n\t\t\t\t<div class=\"elementor-widget-container\">\n\t\t\t\t\t\t\t<div class=\"title-wrapper set-mb-s reset-last-child wd-title-color-white wd-title-style-default wd-title-size-default text-left\">\n\n\t\t\t\n\t\t\t<div class=\"liner-continer\">\n\t\t\t\t<h4 class=\"woodmart-title-container title wd-fontsize-l\">Tadej Poga\u010dar<\/h4> \n\t\t\t\t\t\t\t<\/div>\n\n\t\t\t\t\t\t\t<div class=\"title-after_title set-cont-mb-s reset-last-child wd-fontsize-xs\">\n\t\t\t\t\t<p><strong>VZDEVEK<\/strong>\u00a0Pogi<\/p><p><strong>ROJEN<\/strong>\u00a021 \/ 09 \/ 1998<\/p><p><strong>ROJSTNI KRAJ <\/strong>Klanec, Slovenija<\/p>Vi\u0161ina<p><strong>1.77<\/strong>\u00a0m \/\u00a0<strong>5<\/strong>\u00a0ft\u00a0<strong>9.5<\/strong>\u00a0in<\/p>Te\u017ea<p><strong>66<\/strong>\u00a0kg \/\u00a0<strong>140<\/strong>\u00a0lbs<\/p><p>\u00a0<\/p><p><strong>TRENUTNA EKIPA<\/strong>\u00a0 \u00a0 \u00a0 \u00a0 UAE<br \/><strong>DISCIPLINA<\/strong>\u00a0 \u00a0 \u00a0 \u00a0 \u00a0 \u00a0 \u00a0 \u00a0 \u00a0 \u00a0 Cesta<br \/><strong>PRVENEC<\/strong>\u00a0 \u00a0 \u00a0 \u00a0 \u00a0 \u00a0 \u00a0 \u00a0 \u00a0 \u00a0 \u00a0 \u00a0 2017<\/p><p>\u00a0<\/p><p><strong>NAJVE\u010cJA MO\u010c NA DIRKI<\/strong>\u00a0 1253 Peak power (OI Tokyo 2021)<\/p><p><strong>SKUPNO \u0160TEVILO KILOMETROV NA LETO\u00a0 <\/strong>29.805 km (2021)<\/p><p><strong>LETNO \u0160TEVILO PREVO\u017dENIH KILOMETROV NA DIRKI\u00a0 <\/strong>9408 km (2021)<\/p><p><strong>NAJVE\u010cJA HITROST PRI SPUSTU <\/strong>\u00a0106 km\/h<\/p><p><strong>PREHRANA NA DIRKI<\/strong>\u00a0 50-60 g ogljikovih hidratov\/h<\/p><p><strong>VODA NA DIRKO<\/strong>\u00a0 1 bidon s 45-60 g ogljikovih hidratov\/h<\/p><p><strong>MAKSIMALNI SR\u010cNI UTRIP IN SR\u010cNI UTRIP V SPANJU<\/strong>\u00a0 205 \/ 36<\/p><p><strong>HOBIJI\u00a0 <\/strong>Vo\u017enja z avtomobili<\/p>\t\t\t\t<\/div>\n\t\t\t\t\t<\/div>\n\t\t\t\t\t\t<\/div>\n\t\t\t\t<\/div>\n\t\t\t\t<\/div>\n\t\t\t\t\t<\/div>\n\t\t\t\t<\/div>\n\t\t<div class=\"elementor-element elementor-element-eefebaa e-con-full wd-section-stretch elementor-hidden-desktop elementor-hidden-tablet e-flex e-con e-parent\" data-id=\"eefebaa\" data-element_type=\"container\" data-e-type=\"container\" data-settings=\"{&quot;background_background&quot;:&quot;classic&quot;}\">\n\t\t\t\t<div class=\"elementor-element elementor-element-a6c88ad wd-width-100 elementor-widget elementor-widget-wd_title\" data-id=\"a6c88ad\" data-element_type=\"widget\" data-e-type=\"widget\" data-widget_type=\"wd_title.default\">\n\t\t\t\t<div class=\"elementor-widget-container\">\n\t\t\t\t\t\t\t<div class=\"title-wrapper set-mb-s reset-last-child wd-title-color-white wd-title-style-default wd-title-size-default text-left\">\n\n\t\t\t\n\t\t\t<div class=\"liner-continer\">\n\t\t\t\t<h4 class=\"woodmart-title-container title wd-fontsize-l\">Tadej Poga\u010dar<\/h4> \n\t\t\t\t\t\t\t<\/div>\n\n\t\t\t\t\t\t\t<div class=\"title-after_title set-cont-mb-s reset-last-child wd-fontsize-xs\">\n\t\t\t\t\t<p><strong>VZDEVEK<\/strong>\u00a0Pogi<\/p><p><strong>ROJEN<\/strong>\u00a021 \/ 09 \/ 1998<\/p><p><strong>ROJSTNI KRAJ <\/strong>Klanec, Slovenija<\/p>Vi\u0161ina<p><strong>1.77<\/strong>\u00a0m \/\u00a0<strong>5<\/strong>\u00a0ft\u00a0<strong>9.5<\/strong>\u00a0in<\/p>Te\u017ea<p><strong>66<\/strong>\u00a0kg \/\u00a0<strong>140<\/strong>\u00a0lbs<\/p><p>\u00a0<\/p><p><strong>TRENUTNA EKIPA<\/strong>\u00a0 \u00a0 \u00a0 \u00a0 UAE<br \/><strong>DISCIPLINA<\/strong>\u00a0 \u00a0 \u00a0 \u00a0 \u00a0 \u00a0 \u00a0 \u00a0 \u00a0 \u00a0 Cesta<br \/><strong>PRVENEC<\/strong>\u00a0 \u00a0 \u00a0 \u00a0 \u00a0 \u00a0 \u00a0 \u00a0 \u00a0 \u00a0 \u00a0 \u00a0 2017<\/p><p>\u00a0<\/p><p><strong>NAJVE\u010cJA MO\u010c NA DIRKI<\/strong>\u00a0 1253 Peak power (OI Tokyo 2021)<\/p><p><strong>SKUPNO \u0160TEVILO KILOMETROV NA LETO\u00a0 <\/strong>29.805 km (2021)<\/p><p><strong>LETNO \u0160TEVILO PREVO\u017dENIH KILOMETROV NA DIRKI\u00a0 <\/strong>9408 km (2021)<\/p><p><strong>NAJVE\u010cJA HITROST PRI SPUSTU <\/strong>\u00a0106 km\/h<\/p><p><strong>PREHRANA NA DIRKI<\/strong>\u00a0 50-60 g ogljikovih hidratov\/h<\/p><p><strong>VODA NA DIRKO<\/strong>\u00a0 1 bidon s 45-60 g ogljikovih hidratov\/h<\/p><p><strong>MAKSIMALNI SR\u010cNI UTRIP IN SR\u010cNI UTRIP V SPANJU<\/strong>\u00a0 205 \/ 36<\/p><p><strong>HOBIJI\u00a0 <\/strong>Vo\u017enja z avtomobili<\/p>\t\t\t\t<\/div>\n\t\t\t\t\t<\/div>\n\t\t\t\t\t\t<\/div>\n\t\t\t\t<\/div>\n\t\t\t\t<\/div>\n\t\t<div class=\"wd-negative-gap elementor-element elementor-element-2e4e25a e-flex e-con-boxed e-con e-parent\" data-id=\"2e4e25a\" data-element_type=\"container\" data-e-type=\"container\">\n\t\t\t\t\t<div class=\"e-con-inner\">\n\t\t\t\t<div class=\"elementor-element elementor-element-02e64f9 elementor-widget elementor-widget-image\" data-id=\"02e64f9\" data-element_type=\"widget\" data-e-type=\"widget\" data-widget_type=\"image.default\">\n\t\t\t\t<div class=\"elementor-widget-container\">\n\t\t\t\t\t\t\t\t\t\t\t\t\t\t\t\t<a href=\"https:\/\/tadejpogacar.org\/\" target=\"_blank\">\n\t\t\t\t\t\t\t<img fetchpriority=\"high\" decoding=\"async\" width=\"300\" height=\"207\" src=\"https:\/\/tadejpogacar.com\/sl\/wp-content\/uploads\/sites\/3\/2024\/08\/FundacijaTP-znak_barvni-300x207-1.jpg\" class=\"attachment-full size-full wp-image-186\" alt=\"\" srcset=\"https:\/\/tadejpogacar.com\/sl\/wp-content\/uploads\/sites\/3\/2024\/08\/FundacijaTP-znak_barvni-300x207-1.jpg 300w, https:\/\/tadejpogacar.com\/sl\/wp-content\/uploads\/sites\/3\/2024\/08\/FundacijaTP-znak_barvni-300x207-1-150x104.jpg 150w\" sizes=\"(max-width: 300px) 100vw, 300px\" \/>\t\t\t\t\t\t\t\t<\/a>\n\t\t\t\t\t\t\t\t\t\t\t\t\t\t\t<\/div>\n\t\t\t\t<\/div>\n\t\t\t\t<div class=\"elementor-element elementor-element-5cc0a10 elementor-widget elementor-widget-wd_social_buttons\" data-id=\"5cc0a10\" data-element_type=\"widget\" data-e-type=\"widget\" data-widget_type=\"wd_social_buttons.default\">\n\t\t\t\t<div class=\"elementor-widget-container\">\n\t\t\t\t\t\n\t\t\t<div class=\" wd-social-icons icons-design-simple icons-size-default color-scheme-dark social-follow social-form-rounded text-center\">\n\n\t\t\t\t\n\t\t\t\t\t\t\t\t\t<a rel=\"noopener noreferrer nofollow\" href=\"https:\/\/www.facebook.com\/tadej.pogacar.5\" target=\"_blank\" class=\" wd-social-icon social-facebook\" aria-label=\"Facebook social link\">\n\t\t\t\t\t\t<span class=\"wd-icon\"><\/span>\n\t\t\t\t\t\t\t\t\t\t\t<\/a>\n\t\t\t\t\n\t\t\t\t\t\t\t\t\t<a rel=\"noopener noreferrer nofollow\" href=\"https:\/\/twitter.com\/TamauPogi\" target=\"_blank\" class=\" wd-social-icon social-twitter\" aria-label=\"X social link\">\n\t\t\t\t\t\t<span class=\"wd-icon\"><\/span>\n\t\t\t\t\t\t\t\t\t\t\t<\/a>\n\t\t\t\t\n\t\t\t\t\n\t\t\t\t\t\t\t\t\t<a rel=\"noopener noreferrer nofollow\" href=\"https:\/\/www.instagram.com\/tadejpogacar\/\" target=\"_blank\" class=\" wd-social-icon social-instagram\" aria-label=\"Instagram social link\">\n\t\t\t\t\t\t<span class=\"wd-icon\"><\/span>\n\t\t\t\t\t\t\t\t\t\t\t<\/a>\n\t\t\t\t\n\t\t\t\t\t\t\t\t\t<a rel=\"noopener noreferrer nofollow\" href=\"https:\/\/www.youtube.com\/c\/TadejPogacarOfficial\/videos\" target=\"_blank\" class=\" wd-social-icon social-youtube\" aria-label=\"YouTube social link\">\n\t\t\t\t\t\t<span class=\"wd-icon\"><\/span>\n\t\t\t\t\t\t\t\t\t\t\t<\/a>\n\t\t\t\t\n\t\t\t\t\n\t\t\t\t\n\t\t\t\t\n\t\t\t\t\n\t\t\t\t\n\t\t\t\t\n\t\t\t\t\n\t\t\t\t\n\t\t\t\t\n\t\t\t\t\n\t\t\t\t\n\t\t\t\t\n\t\t\t\t\t\t\t\t\n\t\t\t\t\t\t\t\t\n\t\t\t\t\n\t\t\t\t\n\t\t\t\t\t\t\t\t\n\t\t\t\t\n\t\t\t<\/div>\n\n\t\t\t\t\t\t<\/div>\n\t\t\t\t<\/div>\n\t\t\t\t\t<\/div>\n\t\t\t\t<\/div>\n\t\t\t\t<\/div>\n\t\t","protected":false},"excerpt":{"rendered":"<p>Tadej Poga\u010dar VZDEVEK\u00a0Pogi ROJEN\u00a021 \/ 09 \/ 1998 ROJSTNI KRAJ Klanec, Slovenija Vi\u0161ina 1.77\u00a0m \/\u00a05\u00a0ft\u00a09.5\u00a0in Te\u017ea 66\u00a0kg \/\u00a0140\u00a0lbs \u00a0 TRENUTNA<\/p>\n","protected":false},"author":1,"featured_media":0,"parent":0,"menu_order":0,"comment_status":"closed","ping_status":"closed","template":"","meta":{"_acf_changed":false,"iawp_total_views":3851,"footnotes":""},"class_list":["post-34","page","type-page","status-publish","hentry"],"acf":[],"yoast_head":"<!-- This site is optimized with the Yoast SEO plugin v27.1.1 - https:\/\/yoast.com\/product\/yoast-seo-wordpress\/ -->\n<title>Zgodba o uspehu slovenskega kolesarja - Tadej Poga\u010dar<\/title>\n<meta name=\"description\" content=\"Tadej Poga\u010dar je eden najbolj\u0161ih slovenskih kolesarjev, ki je dosegel izjemne uspehe na mednarodnih dirkah. Spoznajte njegovo pot do vrha.\" \/>\n<meta name=\"robots\" content=\"index, follow, max-snippet:-1, max-image-preview:large, max-video-preview:-1\" \/>\n<link rel=\"canonical\" href=\"https:\/\/tadejpogacar.com\/sl\/o-meni\/\" \/>\n<meta property=\"og:locale\" content=\"sl_SI\" \/>\n<meta property=\"og:type\" content=\"article\" \/>\n<meta property=\"og:title\" content=\"Zgodba o uspehu slovenskega kolesarja - Tadej Poga\u010dar\" \/>\n<meta property=\"og:description\" content=\"Tadej Poga\u010dar je eden najbolj\u0161ih slovenskih kolesarjev, ki je dosegel izjemne uspehe na mednarodnih dirkah. Spoznajte njegovo pot do vrha.\" \/>\n<meta property=\"og:url\" content=\"https:\/\/tadejpogacar.com\/sl\/o-meni\/\" \/>\n<meta property=\"og:site_name\" content=\"Tadej Poga\u010dar\" \/>\n<meta property=\"article:publisher\" content=\"https:\/\/www.facebook.com\/Tadej-Pogaar-Brand-108786571960953\" \/>\n<meta property=\"article:modified_time\" content=\"2024-09-18T07:52:19+00:00\" \/>\n<meta property=\"og:image\" content=\"https:\/\/tadejpogacar.com\/sl\/wp-content\/uploads\/sites\/3\/2024\/08\/FundacijaTP-znak_barvni-300x207-1.jpg\" \/>\n<meta name=\"twitter:card\" content=\"summary_large_image\" \/>\n<meta name=\"twitter:site\" content=\"@TamauPogi\" \/>\n<meta name=\"twitter:label1\" content=\"Est. reading time\" \/>\n\t<meta name=\"twitter:data1\" content=\"2 minuti\" \/>\n<script type=\"application\/ld+json\" class=\"yoast-schema-graph\">{\"@context\":\"https:\/\/schema.org\",\"@graph\":[{\"@type\":\"WebPage\",\"@id\":\"https:\/\/tadejpogacar.com\/sl\/o-meni\/\",\"url\":\"https:\/\/tadejpogacar.com\/sl\/o-meni\/\",\"name\":\"Zgodba o uspehu slovenskega kolesarja - Tadej Poga\u010dar\",\"isPartOf\":{\"@id\":\"https:\/\/tadejpogacar.com\/sl\/#website\"},\"primaryImageOfPage\":{\"@id\":\"https:\/\/tadejpogacar.com\/sl\/o-meni\/#primaryimage\"},\"image\":{\"@id\":\"https:\/\/tadejpogacar.com\/sl\/o-meni\/#primaryimage\"},\"thumbnailUrl\":\"https:\/\/tadejpogacar.com\/sl\/wp-content\/uploads\/sites\/3\/2024\/08\/FundacijaTP-znak_barvni-300x207-1.jpg\",\"datePublished\":\"2024-08-30T06:35:50+00:00\",\"dateModified\":\"2024-09-18T07:52:19+00:00\",\"description\":\"Tadej Poga\u010dar je eden najbolj\u0161ih slovenskih kolesarjev, ki je dosegel izjemne uspehe na mednarodnih dirkah. Spoznajte njegovo pot do vrha.\",\"breadcrumb\":{\"@id\":\"https:\/\/tadejpogacar.com\/sl\/o-meni\/#breadcrumb\"},\"inLanguage\":\"sl-SI\",\"potentialAction\":[{\"@type\":\"ReadAction\",\"target\":[\"https:\/\/tadejpogacar.com\/sl\/o-meni\/\"]}]},{\"@type\":\"ImageObject\",\"inLanguage\":\"sl-SI\",\"@id\":\"https:\/\/tadejpogacar.com\/sl\/o-meni\/#primaryimage\",\"url\":\"https:\/\/tadejpogacar.com\/sl\/wp-content\/uploads\/sites\/3\/2024\/08\/FundacijaTP-znak_barvni-300x207-1.jpg\",\"contentUrl\":\"https:\/\/tadejpogacar.com\/sl\/wp-content\/uploads\/sites\/3\/2024\/08\/FundacijaTP-znak_barvni-300x207-1.jpg\",\"width\":300,\"height\":207},{\"@type\":\"BreadcrumbList\",\"@id\":\"https:\/\/tadejpogacar.com\/sl\/o-meni\/#breadcrumb\",\"itemListElement\":[{\"@type\":\"ListItem\",\"position\":1,\"name\":\"Home\",\"item\":\"https:\/\/tadejpogacar.com\/sl\/\"},{\"@type\":\"ListItem\",\"position\":2,\"name\":\"O meni\"}]},{\"@type\":\"WebSite\",\"@id\":\"https:\/\/tadejpogacar.com\/sl\/#website\",\"url\":\"https:\/\/tadejpogacar.com\/sl\/\",\"name\":\"Tadej Poga\u010dar\",\"description\":\"Uradna spletna stran\",\"publisher\":{\"@id\":\"https:\/\/tadejpogacar.com\/sl\/#organization\"},\"potentialAction\":[{\"@type\":\"SearchAction\",\"target\":{\"@type\":\"EntryPoint\",\"urlTemplate\":\"https:\/\/tadejpogacar.com\/sl\/?s={search_term_string}\"},\"query-input\":{\"@type\":\"PropertyValueSpecification\",\"valueRequired\":true,\"valueName\":\"search_term_string\"}}],\"inLanguage\":\"sl-SI\"},{\"@type\":\"Organization\",\"@id\":\"https:\/\/tadejpogacar.com\/sl\/#organization\",\"name\":\"Na klancu d.o.o.\",\"url\":\"https:\/\/tadejpogacar.com\/sl\/\",\"logo\":{\"@type\":\"ImageObject\",\"inLanguage\":\"sl-SI\",\"@id\":\"https:\/\/tadejpogacar.com\/sl\/#\/schema\/logo\/image\/\",\"url\":\"https:\/\/tadejpogacar.com\/sl\/wp-content\/uploads\/sites\/3\/2024\/08\/TadejPogacar.webp\",\"contentUrl\":\"https:\/\/tadejpogacar.com\/sl\/wp-content\/uploads\/sites\/3\/2024\/08\/TadejPogacar.webp\",\"width\":300,\"height\":68,\"caption\":\"Na klancu d.o.o.\"},\"image\":{\"@id\":\"https:\/\/tadejpogacar.com\/sl\/#\/schema\/logo\/image\/\"},\"sameAs\":[\"https:\/\/www.facebook.com\/Tadej-Pogaar-Brand-108786571960953\",\"https:\/\/x.com\/TamauPogi\",\"https:\/\/www.instagram.com\/tadejpogacar\/\",\"https:\/\/www.youtube.com\/c\/TadejPogacarOfficial\/videos\"]}]}<\/script>\n<!-- \/ Yoast SEO plugin. -->","yoast_head_json":{"title":"Zgodba o uspehu slovenskega kolesarja - Tadej Poga\u010dar","description":"Tadej Poga\u010dar je eden najbolj\u0161ih slovenskih kolesarjev, ki je dosegel izjemne uspehe na mednarodnih dirkah. Spoznajte njegovo pot do vrha.","robots":{"index":"index","follow":"follow","max-snippet":"max-snippet:-1","max-image-preview":"max-image-preview:large","max-video-preview":"max-video-preview:-1"},"canonical":"https:\/\/tadejpogacar.com\/sl\/o-meni\/","og_locale":"sl_SI","og_type":"article","og_title":"Zgodba o uspehu slovenskega kolesarja - Tadej Poga\u010dar","og_description":"Tadej Poga\u010dar je eden najbolj\u0161ih slovenskih kolesarjev, ki je dosegel izjemne uspehe na mednarodnih dirkah. Spoznajte njegovo pot do vrha.","og_url":"https:\/\/tadejpogacar.com\/sl\/o-meni\/","og_site_name":"Tadej Poga\u010dar","article_publisher":"https:\/\/www.facebook.com\/Tadej-Pogaar-Brand-108786571960953","article_modified_time":"2024-09-18T07:52:19+00:00","og_image":[{"url":"https:\/\/tadejpogacar.com\/sl\/wp-content\/uploads\/sites\/3\/2024\/08\/FundacijaTP-znak_barvni-300x207-1.jpg","type":"","width":"","height":""}],"twitter_card":"summary_large_image","twitter_site":"@TamauPogi","twitter_misc":{"Est. reading time":"2 minuti"},"schema":{"@context":"https:\/\/schema.org","@graph":[{"@type":"WebPage","@id":"https:\/\/tadejpogacar.com\/sl\/o-meni\/","url":"https:\/\/tadejpogacar.com\/sl\/o-meni\/","name":"Zgodba o uspehu slovenskega kolesarja - Tadej Poga\u010dar","isPartOf":{"@id":"https:\/\/tadejpogacar.com\/sl\/#website"},"primaryImageOfPage":{"@id":"https:\/\/tadejpogacar.com\/sl\/o-meni\/#primaryimage"},"image":{"@id":"https:\/\/tadejpogacar.com\/sl\/o-meni\/#primaryimage"},"thumbnailUrl":"https:\/\/tadejpogacar.com\/sl\/wp-content\/uploads\/sites\/3\/2024\/08\/FundacijaTP-znak_barvni-300x207-1.jpg","datePublished":"2024-08-30T06:35:50+00:00","dateModified":"2024-09-18T07:52:19+00:00","description":"Tadej Poga\u010dar je eden najbolj\u0161ih slovenskih kolesarjev, ki je dosegel izjemne uspehe na mednarodnih dirkah. Spoznajte njegovo pot do vrha.","breadcrumb":{"@id":"https:\/\/tadejpogacar.com\/sl\/o-meni\/#breadcrumb"},"inLanguage":"sl-SI","potentialAction":[{"@type":"ReadAction","target":["https:\/\/tadejpogacar.com\/sl\/o-meni\/"]}]},{"@type":"ImageObject","inLanguage":"sl-SI","@id":"https:\/\/tadejpogacar.com\/sl\/o-meni\/#primaryimage","url":"https:\/\/tadejpogacar.com\/sl\/wp-content\/uploads\/sites\/3\/2024\/08\/FundacijaTP-znak_barvni-300x207-1.jpg","contentUrl":"https:\/\/tadejpogacar.com\/sl\/wp-content\/uploads\/sites\/3\/2024\/08\/FundacijaTP-znak_barvni-300x207-1.jpg","width":300,"height":207},{"@type":"BreadcrumbList","@id":"https:\/\/tadejpogacar.com\/sl\/o-meni\/#breadcrumb","itemListElement":[{"@type":"ListItem","position":1,"name":"Home","item":"https:\/\/tadejpogacar.com\/sl\/"},{"@type":"ListItem","position":2,"name":"O meni"}]},{"@type":"WebSite","@id":"https:\/\/tadejpogacar.com\/sl\/#website","url":"https:\/\/tadejpogacar.com\/sl\/","name":"Tadej Poga\u010dar","description":"Uradna spletna stran","publisher":{"@id":"https:\/\/tadejpogacar.com\/sl\/#organization"},"potentialAction":[{"@type":"SearchAction","target":{"@type":"EntryPoint","urlTemplate":"https:\/\/tadejpogacar.com\/sl\/?s={search_term_string}"},"query-input":{"@type":"PropertyValueSpecification","valueRequired":true,"valueName":"search_term_string"}}],"inLanguage":"sl-SI"},{"@type":"Organization","@id":"https:\/\/tadejpogacar.com\/sl\/#organization","name":"Na klancu d.o.o.","url":"https:\/\/tadejpogacar.com\/sl\/","logo":{"@type":"ImageObject","inLanguage":"sl-SI","@id":"https:\/\/tadejpogacar.com\/sl\/#\/schema\/logo\/image\/","url":"https:\/\/tadejpogacar.com\/sl\/wp-content\/uploads\/sites\/3\/2024\/08\/TadejPogacar.webp","contentUrl":"https:\/\/tadejpogacar.com\/sl\/wp-content\/uploads\/sites\/3\/2024\/08\/TadejPogacar.webp","width":300,"height":68,"caption":"Na klancu d.o.o."},"image":{"@id":"https:\/\/tadejpogacar.com\/sl\/#\/schema\/logo\/image\/"},"sameAs":["https:\/\/www.facebook.com\/Tadej-Pogaar-Brand-108786571960953","https:\/\/x.com\/TamauPogi","https:\/\/www.instagram.com\/tadejpogacar\/","https:\/\/www.youtube.com\/c\/TadejPogacarOfficial\/videos"]}]}},"_links":{"self":[{"href":"https:\/\/tadejpogacar.com\/sl\/wp-json\/wp\/v2\/pages\/34","targetHints":{"allow":["GET"]}}],"collection":[{"href":"https:\/\/tadejpogacar.com\/sl\/wp-json\/wp\/v2\/pages"}],"about":[{"href":"https:\/\/tadejpogacar.com\/sl\/wp-json\/wp\/v2\/types\/page"}],"author":[{"embeddable":true,"href":"https:\/\/tadejpogacar.com\/sl\/wp-json\/wp\/v2\/users\/1"}],"replies":[{"embeddable":true,"href":"https:\/\/tadejpogacar.com\/sl\/wp-json\/wp\/v2\/comments?post=34"}],"version-history":[{"count":64,"href":"https:\/\/tadejpogacar.com\/sl\/wp-json\/wp\/v2\/pages\/34\/revisions"}],"predecessor-version":[{"id":2715,"href":"https:\/\/tadejpogacar.com\/sl\/wp-json\/wp\/v2\/pages\/34\/revisions\/2715"}],"wp:attachment":[{"href":"https:\/\/tadejpogacar.com\/sl\/wp-json\/wp\/v2\/media?parent=34"}],"curies":[{"name":"wp","href":"https:\/\/api.w.org\/{rel}","templated":true}]}}