{"id":32,"date":"2024-08-30T06:32:05","date_gmt":"2024-08-30T06:32:05","guid":{"rendered":"https:\/\/tadejpogacar.com\/sl\/?page_id=32"},"modified":"2024-10-03T08:30:04","modified_gmt":"2024-10-03T06:30:04","slug":"kontakt","status":"publish","type":"page","link":"https:\/\/tadejpogacar.com\/sl\/kontakt\/","title":{"rendered":"Kontakt"},"content":{"rendered":"\t\t<div data-elementor-type=\"wp-page\" data-elementor-id=\"32\" class=\"elementor elementor-32\">\n\t\t\t\t<div class=\"wd-negative-gap elementor-element elementor-element-4e2fee4 e-flex e-con-boxed e-con e-parent\" data-id=\"4e2fee4\" data-element_type=\"container\" data-e-type=\"container\">\n\t\t\t\t\t<div class=\"e-con-inner\">\n\t\t<div class=\"elementor-element elementor-element-cb0e1d2 e-con-full e-flex e-con e-child\" data-id=\"cb0e1d2\" data-element_type=\"container\" data-e-type=\"container\">\n\t\t<div class=\"elementor-element elementor-element-ec6ee86 e-con-full e-flex e-con e-child\" data-id=\"ec6ee86\" data-element_type=\"container\" data-e-type=\"container\">\n\t\t<div class=\"elementor-element elementor-element-d330377 e-con-full e-flex e-con e-child\" data-id=\"d330377\" data-element_type=\"container\" data-e-type=\"container\">\n\t\t\t\t<div class=\"elementor-element elementor-element-fac5a54 wd-width-100 elementor-widget elementor-widget-wd_title\" data-id=\"fac5a54\" data-element_type=\"widget\" data-e-type=\"widget\" data-widget_type=\"wd_title.default\">\n\t\t\t\t<div class=\"elementor-widget-container\">\n\t\t\t\t\t\t\t<div class=\"title-wrapper set-mb-s reset-last-child wd-title-color-default wd-title-style-default wd-title-size-default text-left\">\n\n\t\t\t\n\t\t\t<div class=\"liner-continer\">\n\t\t\t\t<h4 class=\"woodmart-title-container title wd-fontsize-l\">Za medije<\/h4> \n\t\t\t\t\t\t\t<\/div>\n\n\t\t\t\t\t\t\t<div class=\"title-after_title set-cont-mb-s reset-last-child wd-fontsize-xs\">\n\t\t\t\t\t<ul><li>Izjave za javnost<\/li><li>Dogovori za intervjuje<\/li><li>TV oddaje &amp; ostali medijski nastopi<\/li><li>Avtorizirane fotografije Tadeja Poga\u010darja<\/li><\/ul><p>Med tekmovanjem:<br \/><strong><em>Luke<\/em><em>\u00a0Maguire<\/em>, UAE Team Emirates<br \/><\/strong><a href=\"mailto:maguire@uaeteamemirates.com\">maguire@uaeteamemirates.com<\/a><\/p><p><strong><em>Daniela Spiller<\/em>, A&amp;J ALL SPORTS SA<\/strong><br \/><a class=\"ProsemirrorEditor-link\" href=\"mailto:marketing@aejallsports.ch\">marketing@aejallsports.ch<\/a><br \/>(mednarodni mediji)<\/p>\t\t\t\t<\/div>\n\t\t\t\t\t<\/div>\n\t\t\t\t\t\t<\/div>\n\t\t\t\t<\/div>\n\t\t\t\t<\/div>\n\t\t<div class=\"elementor-element elementor-element-d667bb5 e-con-full e-flex e-con e-child\" data-id=\"d667bb5\" data-element_type=\"container\" data-e-type=\"container\">\n\t\t\t\t<div class=\"elementor-element elementor-element-d046a4d wd-width-100 elementor-widget elementor-widget-wd_title\" data-id=\"d046a4d\" data-element_type=\"widget\" data-e-type=\"widget\" data-widget_type=\"wd_title.default\">\n\t\t\t\t<div class=\"elementor-widget-container\">\n\t\t\t\t\t\t\t<div class=\"title-wrapper set-mb-s reset-last-child wd-title-color-default wd-title-style-default wd-title-size-default text-left\">\n\n\t\t\t\n\t\t\t<div class=\"liner-continer\">\n\t\t\t\t<h4 class=\"woodmart-title-container title wd-fontsize-l\">Fotografi<\/h4> \n\t\t\t\t\t\t\t<\/div>\n\n\t\t\t\t\t\t\t<div class=\"title-after_title set-cont-mb-s reset-last-child wd-fontsize-xs\">\n\t\t\t\t\t<ul><li>Zajemanje in urejanje vizualne vsebine na razli\u010dnih platformah<\/li><li>Ustvarjanje fotografij na razli\u010dne na\u010dine, vklju\u010dno z digitalnimi mediji<\/li><li>Dostavljanje kon\u010dnih izdelkov razli\u010dnim virom, vklju\u010dno z notranjimi in zunanjimi strankami, mediji, grafi\u010dnimi oblikovalci in korporativnim komuniciranjem<\/li><li>Izvajanje retu\u0161iranja in prilagajanja slik po fotografiranju<\/li><\/ul><p><strong><em>Alen Milavec,\u00a0<\/em><\/strong>osebni fotograf Tadeja Poga\u010darja<br \/><a href=\"mailto:info@alenmilavec.com\">info@alenmilavec.com<\/a><\/p><p><em><strong>Mr. Bettini, Sprint Cycling Agency,\u00a0<\/strong><\/em>kolesarski fotograf na vseh najbolj\u0161ih dirkah<br \/><a href=\"mailto:info@bettiniphoto.net\">info@bettiniphoto.net<\/a><\/p>\t\t\t\t<\/div>\n\t\t\t\t\t<\/div>\n\t\t\t\t\t\t<\/div>\n\t\t\t\t<\/div>\n\t\t\t\t<\/div>\n\t\t\t\t<\/div>\n\t\t<div class=\"elementor-element elementor-element-7d408cb e-con-full e-flex e-con e-child\" data-id=\"7d408cb\" data-element_type=\"container\" data-e-type=\"container\">\n\t\t<div class=\"elementor-element elementor-element-92a8c29 e-con-full e-flex e-con e-child\" data-id=\"92a8c29\" data-element_type=\"container\" data-e-type=\"container\">\n\t\t\t\t<div class=\"elementor-element elementor-element-277d5fe wd-width-100 elementor-widget elementor-widget-wd_title\" data-id=\"277d5fe\" data-element_type=\"widget\" data-e-type=\"widget\" data-widget_type=\"wd_title.default\">\n\t\t\t\t<div class=\"elementor-widget-container\">\n\t\t\t\t\t\t\t<div class=\"title-wrapper set-mb-s reset-last-child wd-title-color-default wd-title-style-default wd-title-size-default text-left\">\n\n\t\t\t\n\t\t\t<div class=\"liner-continer\">\n\t\t\t\t<h4 class=\"woodmart-title-container title wd-fontsize-l\">Partnerji &amp; sponzorji<\/h4> \n\t\t\t\t\t\t\t<\/div>\n\n\t\t\t\t\t\t\t<div class=\"title-after_title set-cont-mb-s reset-last-child wd-fontsize-xs\">\n\t\t\t\t\t<ul><li>Dogovori za sponzorstva<\/li><li>Sodelovanje na dogodkih<\/li><li>Druge oblike sodelovanja (filmi, fotografije itd.)<\/li><\/ul><p><strong><em>Alex Carera<\/em>, avtoriziran agent<br \/>A&amp;J ALL SPORTS SA<br \/><\/strong><a href=\"mailto:alex@aejallsports.ch\">alex@aejallsports.ch<\/a><\/p>\t\t\t\t<\/div>\n\t\t\t\t\t<\/div>\n\t\t\t\t\t\t<\/div>\n\t\t\t\t<\/div>\n\t\t\t\t<\/div>\n\t\t<div class=\"elementor-element elementor-element-5a97963 e-con-full e-flex e-con e-child\" data-id=\"5a97963\" data-element_type=\"container\" data-e-type=\"container\">\n\t\t\t\t<div class=\"elementor-element elementor-element-d52bf20 wd-width-100 elementor-widget elementor-widget-wd_title\" data-id=\"d52bf20\" data-element_type=\"widget\" data-e-type=\"widget\" data-widget_type=\"wd_title.default\">\n\t\t\t\t<div class=\"elementor-widget-container\">\n\t\t\t\t\t\t\t<div class=\"title-wrapper set-mb-s reset-last-child wd-title-color-default wd-title-style-default wd-title-size-default text-left\">\n\n\t\t\t\n\t\t\t<div class=\"liner-continer\">\n\t\t\t\t<h4 class=\"woodmart-title-container title wd-fontsize-l\">Splo\u0161ne zadeve<\/h4> \n\t\t\t\t\t\t\t<\/div>\n\n\t\t\t\t\t\t\t<div class=\"title-after_title set-cont-mb-s reset-last-child wd-fontsize-xs\">\n\t\t\t\t\t<ul><li>Splo\u0161ni e-maili<\/li><li>Sporo\u010dila podpore za Tadeja Poga\u010darja<\/li><li>Promocijski materiali<\/li><li>Drugo<\/li><\/ul><p><strong><em>Uradna stran Tadeja Poga\u010darja<\/em><br \/><\/strong><a href=\"mailto:info@tadejpogacar.com\">info@tadejpogacar.com<\/a><\/p>\t\t\t\t<\/div>\n\t\t\t\t\t<\/div>\n\t\t\t\t\t\t<\/div>\n\t\t\t\t<\/div>\n\t\t\t\t<\/div>\n\t\t\t\t<\/div>\n\t\t\t\t<\/div>\n\t\t<div class=\"elementor-element elementor-element-10695d4 e-con-full e-flex e-con e-child\" data-id=\"10695d4\" data-element_type=\"container\" data-e-type=\"container\" data-settings=\"{&quot;background_background&quot;:&quot;classic&quot;}\">\n\t\t\t\t<div class=\"elementor-element elementor-element-7757b9e elementor-widget elementor-widget-wd_image_or_svg\" data-id=\"7757b9e\" data-element_type=\"widget\" data-e-type=\"widget\" data-widget_type=\"wd_image_or_svg.default\">\n\t\t\t\t<div class=\"elementor-widget-container\">\n\t\t\t\t\t\n\t\t<div class=\"wd-image text-left\">\n\t\t\t\t\t\t\t\t<img fetchpriority=\"high\" decoding=\"async\" width=\"800\" height=\"1000\" src=\"https:\/\/tadejpogacar.com\/sl\/wp-content\/uploads\/sites\/3\/2024\/09\/ZF07243-min-1.jpg\" class=\"attachment-full size-full\" alt=\"\" srcset=\"https:\/\/tadejpogacar.com\/sl\/wp-content\/uploads\/sites\/3\/2024\/09\/ZF07243-min-1.jpg 800w, https:\/\/tadejpogacar.com\/sl\/wp-content\/uploads\/sites\/3\/2024\/09\/ZF07243-min-1-240x300.jpg 240w, https:\/\/tadejpogacar.com\/sl\/wp-content\/uploads\/sites\/3\/2024\/09\/ZF07243-min-1-768x960.jpg 768w, https:\/\/tadejpogacar.com\/sl\/wp-content\/uploads\/sites\/3\/2024\/09\/ZF07243-min-1-500x625.jpg 500w, https:\/\/tadejpogacar.com\/sl\/wp-content\/uploads\/sites\/3\/2024\/09\/ZF07243-min-1-150x188.jpg 150w\" sizes=\"(max-width: 800px) 100vw, 800px\" \/>\t\t\t\t\t<\/div>\n\n\t\t\t\t\t\t<\/div>\n\t\t\t\t<\/div>\n\t\t\t\t<div class=\"elementor-element elementor-element-a80a70b elementor-widget elementor-widget-wd_image_or_svg\" data-id=\"a80a70b\" data-element_type=\"widget\" data-e-type=\"widget\" data-widget_type=\"wd_image_or_svg.default\">\n\t\t\t\t<div class=\"elementor-widget-container\">\n\t\t\t\t\t\n\t\t<div class=\"wd-image text-center\">\n\t\t\t\t\t\t\t\t<img decoding=\"async\" width=\"180\" height=\"111\" src=\"https:\/\/tadejpogacar.com\/sl\/wp-content\/uploads\/sites\/3\/2024\/08\/tadej_pogacar_signature_black.png\" class=\"attachment-full size-full\" alt=\"\" srcset=\"https:\/\/tadejpogacar.com\/sl\/wp-content\/uploads\/sites\/3\/2024\/08\/tadej_pogacar_signature_black.png 180w, https:\/\/tadejpogacar.com\/sl\/wp-content\/uploads\/sites\/3\/2024\/08\/tadej_pogacar_signature_black-150x93.png 150w\" sizes=\"(max-width: 180px) 100vw, 180px\" \/>\t\t\t\t\t<\/div>\n\n\t\t\t\t\t\t<\/div>\n\t\t\t\t<\/div>\n\t\t\t\t<\/div>\n\t\t\t\t\t<\/div>\n\t\t\t\t<\/div>\n\t\t\t\t<\/div>\n\t\t","protected":false},"excerpt":{"rendered":"<p>Za medije Izjave za javnost Dogovori za intervjuje TV oddaje &amp; ostali medijski nastopi Avtorizirane fotografije Tadeja Poga\u010darja Med tekmovanjem:Luke\u00a0Maguire,<\/p>\n","protected":false},"author":1,"featured_media":0,"parent":0,"menu_order":0,"comment_status":"closed","ping_status":"closed","template":"","meta":{"_acf_changed":false,"iawp_total_views":3465,"footnotes":""},"class_list":["post-32","page","type-page","status-publish","hentry"],"acf":[],"yoast_head":"<!-- This site is optimized with the Yoast SEO plugin v27.1.1 - https:\/\/yoast.com\/product\/yoast-seo-wordpress\/ -->\n<title>Kontaktne informacije - Tadej Poga\u010dar<\/title>\n<meta name=\"description\" content=\"Bi radi stopili v stik z Tadejm? Preverite kontaktne podatke in povejte va\u0161e \u017eelje in ideje.\" \/>\n<meta name=\"robots\" content=\"index, follow, max-snippet:-1, max-image-preview:large, max-video-preview:-1\" \/>\n<link rel=\"canonical\" href=\"https:\/\/tadejpogacar.com\/sl\/kontakt\/\" \/>\n<meta property=\"og:locale\" content=\"sl_SI\" \/>\n<meta property=\"og:type\" content=\"article\" \/>\n<meta property=\"og:title\" content=\"Kontaktne informacije - Tadej Poga\u010dar\" \/>\n<meta property=\"og:description\" content=\"Bi radi stopili v stik z Tadejm? Preverite kontaktne podatke in povejte va\u0161e \u017eelje in ideje.\" \/>\n<meta property=\"og:url\" content=\"https:\/\/tadejpogacar.com\/sl\/kontakt\/\" \/>\n<meta property=\"og:site_name\" content=\"Tadej Poga\u010dar\" \/>\n<meta property=\"article:publisher\" content=\"https:\/\/www.facebook.com\/Tadej-Pogaar-Brand-108786571960953\" \/>\n<meta property=\"article:modified_time\" content=\"2024-10-03T06:30:04+00:00\" \/>\n<meta property=\"og:image\" content=\"https:\/\/tadejpogacar.com\/sl\/wp-content\/uploads\/sites\/3\/2024\/09\/ZF07243-min-1.jpg\" \/>\n<meta name=\"twitter:card\" content=\"summary_large_image\" \/>\n<meta name=\"twitter:site\" content=\"@TamauPogi\" \/>\n<meta name=\"twitter:label1\" content=\"Est. reading time\" \/>\n\t<meta name=\"twitter:data1\" content=\"2 minuti\" \/>\n<script type=\"application\/ld+json\" class=\"yoast-schema-graph\">{\"@context\":\"https:\/\/schema.org\",\"@graph\":[{\"@type\":\"WebPage\",\"@id\":\"https:\/\/tadejpogacar.com\/sl\/kontakt\/\",\"url\":\"https:\/\/tadejpogacar.com\/sl\/kontakt\/\",\"name\":\"Kontaktne informacije - Tadej Poga\u010dar\",\"isPartOf\":{\"@id\":\"https:\/\/tadejpogacar.com\/sl\/#website\"},\"primaryImageOfPage\":{\"@id\":\"https:\/\/tadejpogacar.com\/sl\/kontakt\/#primaryimage\"},\"image\":{\"@id\":\"https:\/\/tadejpogacar.com\/sl\/kontakt\/#primaryimage\"},\"thumbnailUrl\":\"https:\/\/tadejpogacar.com\/sl\/wp-content\/uploads\/sites\/3\/2024\/09\/ZF07243-min-1.jpg\",\"datePublished\":\"2024-08-30T06:32:05+00:00\",\"dateModified\":\"2024-10-03T06:30:04+00:00\",\"description\":\"Bi radi stopili v stik z Tadejm? Preverite kontaktne podatke in povejte va\u0161e \u017eelje in ideje.\",\"breadcrumb\":{\"@id\":\"https:\/\/tadejpogacar.com\/sl\/kontakt\/#breadcrumb\"},\"inLanguage\":\"sl-SI\",\"potentialAction\":[{\"@type\":\"ReadAction\",\"target\":[\"https:\/\/tadejpogacar.com\/sl\/kontakt\/\"]}]},{\"@type\":\"ImageObject\",\"inLanguage\":\"sl-SI\",\"@id\":\"https:\/\/tadejpogacar.com\/sl\/kontakt\/#primaryimage\",\"url\":\"https:\/\/tadejpogacar.com\/sl\/wp-content\/uploads\/sites\/3\/2024\/09\/ZF07243-min-1.jpg\",\"contentUrl\":\"https:\/\/tadejpogacar.com\/sl\/wp-content\/uploads\/sites\/3\/2024\/09\/ZF07243-min-1.jpg\",\"width\":800,\"height\":1000},{\"@type\":\"BreadcrumbList\",\"@id\":\"https:\/\/tadejpogacar.com\/sl\/kontakt\/#breadcrumb\",\"itemListElement\":[{\"@type\":\"ListItem\",\"position\":1,\"name\":\"Home\",\"item\":\"https:\/\/tadejpogacar.com\/sl\/\"},{\"@type\":\"ListItem\",\"position\":2,\"name\":\"Kontakt\"}]},{\"@type\":\"WebSite\",\"@id\":\"https:\/\/tadejpogacar.com\/sl\/#website\",\"url\":\"https:\/\/tadejpogacar.com\/sl\/\",\"name\":\"Tadej Poga\u010dar\",\"description\":\"Uradna spletna stran\",\"publisher\":{\"@id\":\"https:\/\/tadejpogacar.com\/sl\/#organization\"},\"potentialAction\":[{\"@type\":\"SearchAction\",\"target\":{\"@type\":\"EntryPoint\",\"urlTemplate\":\"https:\/\/tadejpogacar.com\/sl\/?s={search_term_string}\"},\"query-input\":{\"@type\":\"PropertyValueSpecification\",\"valueRequired\":true,\"valueName\":\"search_term_string\"}}],\"inLanguage\":\"sl-SI\"},{\"@type\":\"Organization\",\"@id\":\"https:\/\/tadejpogacar.com\/sl\/#organization\",\"name\":\"Na klancu d.o.o.\",\"url\":\"https:\/\/tadejpogacar.com\/sl\/\",\"logo\":{\"@type\":\"ImageObject\",\"inLanguage\":\"sl-SI\",\"@id\":\"https:\/\/tadejpogacar.com\/sl\/#\/schema\/logo\/image\/\",\"url\":\"https:\/\/tadejpogacar.com\/sl\/wp-content\/uploads\/sites\/3\/2024\/08\/TadejPogacar.webp\",\"contentUrl\":\"https:\/\/tadejpogacar.com\/sl\/wp-content\/uploads\/sites\/3\/2024\/08\/TadejPogacar.webp\",\"width\":300,\"height\":68,\"caption\":\"Na klancu d.o.o.\"},\"image\":{\"@id\":\"https:\/\/tadejpogacar.com\/sl\/#\/schema\/logo\/image\/\"},\"sameAs\":[\"https:\/\/www.facebook.com\/Tadej-Pogaar-Brand-108786571960953\",\"https:\/\/x.com\/TamauPogi\",\"https:\/\/www.instagram.com\/tadejpogacar\/\",\"https:\/\/www.youtube.com\/c\/TadejPogacarOfficial\/videos\"]}]}<\/script>\n<!-- \/ Yoast SEO plugin. -->","yoast_head_json":{"title":"Kontaktne informacije - Tadej Poga\u010dar","description":"Bi radi stopili v stik z Tadejm? Preverite kontaktne podatke in povejte va\u0161e \u017eelje in ideje.","robots":{"index":"index","follow":"follow","max-snippet":"max-snippet:-1","max-image-preview":"max-image-preview:large","max-video-preview":"max-video-preview:-1"},"canonical":"https:\/\/tadejpogacar.com\/sl\/kontakt\/","og_locale":"sl_SI","og_type":"article","og_title":"Kontaktne informacije - Tadej Poga\u010dar","og_description":"Bi radi stopili v stik z Tadejm? Preverite kontaktne podatke in povejte va\u0161e \u017eelje in ideje.","og_url":"https:\/\/tadejpogacar.com\/sl\/kontakt\/","og_site_name":"Tadej Poga\u010dar","article_publisher":"https:\/\/www.facebook.com\/Tadej-Pogaar-Brand-108786571960953","article_modified_time":"2024-10-03T06:30:04+00:00","og_image":[{"url":"https:\/\/tadejpogacar.com\/sl\/wp-content\/uploads\/sites\/3\/2024\/09\/ZF07243-min-1.jpg","type":"","width":"","height":""}],"twitter_card":"summary_large_image","twitter_site":"@TamauPogi","twitter_misc":{"Est. reading time":"2 minuti"},"schema":{"@context":"https:\/\/schema.org","@graph":[{"@type":"WebPage","@id":"https:\/\/tadejpogacar.com\/sl\/kontakt\/","url":"https:\/\/tadejpogacar.com\/sl\/kontakt\/","name":"Kontaktne informacije - Tadej Poga\u010dar","isPartOf":{"@id":"https:\/\/tadejpogacar.com\/sl\/#website"},"primaryImageOfPage":{"@id":"https:\/\/tadejpogacar.com\/sl\/kontakt\/#primaryimage"},"image":{"@id":"https:\/\/tadejpogacar.com\/sl\/kontakt\/#primaryimage"},"thumbnailUrl":"https:\/\/tadejpogacar.com\/sl\/wp-content\/uploads\/sites\/3\/2024\/09\/ZF07243-min-1.jpg","datePublished":"2024-08-30T06:32:05+00:00","dateModified":"2024-10-03T06:30:04+00:00","description":"Bi radi stopili v stik z Tadejm? Preverite kontaktne podatke in povejte va\u0161e \u017eelje in ideje.","breadcrumb":{"@id":"https:\/\/tadejpogacar.com\/sl\/kontakt\/#breadcrumb"},"inLanguage":"sl-SI","potentialAction":[{"@type":"ReadAction","target":["https:\/\/tadejpogacar.com\/sl\/kontakt\/"]}]},{"@type":"ImageObject","inLanguage":"sl-SI","@id":"https:\/\/tadejpogacar.com\/sl\/kontakt\/#primaryimage","url":"https:\/\/tadejpogacar.com\/sl\/wp-content\/uploads\/sites\/3\/2024\/09\/ZF07243-min-1.jpg","contentUrl":"https:\/\/tadejpogacar.com\/sl\/wp-content\/uploads\/sites\/3\/2024\/09\/ZF07243-min-1.jpg","width":800,"height":1000},{"@type":"BreadcrumbList","@id":"https:\/\/tadejpogacar.com\/sl\/kontakt\/#breadcrumb","itemListElement":[{"@type":"ListItem","position":1,"name":"Home","item":"https:\/\/tadejpogacar.com\/sl\/"},{"@type":"ListItem","position":2,"name":"Kontakt"}]},{"@type":"WebSite","@id":"https:\/\/tadejpogacar.com\/sl\/#website","url":"https:\/\/tadejpogacar.com\/sl\/","name":"Tadej Poga\u010dar","description":"Uradna spletna stran","publisher":{"@id":"https:\/\/tadejpogacar.com\/sl\/#organization"},"potentialAction":[{"@type":"SearchAction","target":{"@type":"EntryPoint","urlTemplate":"https:\/\/tadejpogacar.com\/sl\/?s={search_term_string}"},"query-input":{"@type":"PropertyValueSpecification","valueRequired":true,"valueName":"search_term_string"}}],"inLanguage":"sl-SI"},{"@type":"Organization","@id":"https:\/\/tadejpogacar.com\/sl\/#organization","name":"Na klancu d.o.o.","url":"https:\/\/tadejpogacar.com\/sl\/","logo":{"@type":"ImageObject","inLanguage":"sl-SI","@id":"https:\/\/tadejpogacar.com\/sl\/#\/schema\/logo\/image\/","url":"https:\/\/tadejpogacar.com\/sl\/wp-content\/uploads\/sites\/3\/2024\/08\/TadejPogacar.webp","contentUrl":"https:\/\/tadejpogacar.com\/sl\/wp-content\/uploads\/sites\/3\/2024\/08\/TadejPogacar.webp","width":300,"height":68,"caption":"Na klancu d.o.o."},"image":{"@id":"https:\/\/tadejpogacar.com\/sl\/#\/schema\/logo\/image\/"},"sameAs":["https:\/\/www.facebook.com\/Tadej-Pogaar-Brand-108786571960953","https:\/\/x.com\/TamauPogi","https:\/\/www.instagram.com\/tadejpogacar\/","https:\/\/www.youtube.com\/c\/TadejPogacarOfficial\/videos"]}]}},"_links":{"self":[{"href":"https:\/\/tadejpogacar.com\/sl\/wp-json\/wp\/v2\/pages\/32","targetHints":{"allow":["GET"]}}],"collection":[{"href":"https:\/\/tadejpogacar.com\/sl\/wp-json\/wp\/v2\/pages"}],"about":[{"href":"https:\/\/tadejpogacar.com\/sl\/wp-json\/wp\/v2\/types\/page"}],"author":[{"embeddable":true,"href":"https:\/\/tadejpogacar.com\/sl\/wp-json\/wp\/v2\/users\/1"}],"replies":[{"embeddable":true,"href":"https:\/\/tadejpogacar.com\/sl\/wp-json\/wp\/v2\/comments?post=32"}],"version-history":[{"count":28,"href":"https:\/\/tadejpogacar.com\/sl\/wp-json\/wp\/v2\/pages\/32\/revisions"}],"predecessor-version":[{"id":2836,"href":"https:\/\/tadejpogacar.com\/sl\/wp-json\/wp\/v2\/pages\/32\/revisions\/2836"}],"wp:attachment":[{"href":"https:\/\/tadejpogacar.com\/sl\/wp-json\/wp\/v2\/media?parent=32"}],"curies":[{"name":"wp","href":"https:\/\/api.w.org\/{rel}","templated":true}]}}