{"id":3,"date":"2024-08-29T11:39:01","date_gmt":"2024-08-29T11:39:01","guid":{"rendered":"https:\/\/tadejpogacar.com\/sl\/?page_id=3"},"modified":"2024-08-30T06:58:00","modified_gmt":"2024-08-30T06:58:00","slug":"politika-zasebnosti","status":"publish","type":"page","link":"https:\/\/tadejpogacar.com\/sl\/politika-zasebnosti\/","title":{"rendered":"Politika zasebnosti"},"content":{"rendered":"\n<p>Spletno trgovino&nbsp;www. tadejpogacar.com upravlja NA KLANCU d.o.o., Brodi\u0161\u010de 9, Trzin, 1236 Trzin, Slovenia (v nadaljevanju: NA KLANCU d.o.o.; tudi izpeljanke \u00bbmi\u00ab).<\/p>\n\n\n\n<p>Ta pravilnik o zasebnosti podrobno pojasnjuje, kako uporabljamo osebne podatke, ki nam jih posredujete ob uporabi spletne trgovine in ob naro\u010dilu izdelkov.<\/p>\n\n\n\n<p><strong>Kaj so osebni podatki?<\/strong><\/p>\n\n\n\n<p>Osebni podatki so informacije, ki vas neposredno ali posredno dolo\u010dajo kot posameznika, pri \u010demer \u00bbposredno\u00ab pomeni v kombinaciji z drugimi informacijami, npr. z va\u0161im imenom, po\u0161tnim naslovom, e-po\u0161tnim naslovom, telefonsko \u0161tevilko, podatki lokaciji ali drugimi identifikatorji.<\/p>\n\n\n\n<p><strong>Katere osebne podatke zbiramo?<\/strong><\/p>\n\n\n\n<p>\u010ce ste le obiskovalec spletne trgovine NA KLANCU d.o.o., o vas zbiramo podatke le z uporabo pi\u0161kotkov.<\/p>\n\n\n\n<p>V primeru vzpostavitve kontakta z nami preko uporabe obrazca na na\u0161i spletni strani pridobimo va\u0161e ime in priimek, telefonsko \u0161tevilko in\/ali e-mail naslov, da lahko odgovorimo na va\u0161e vpra\u0161anje oz. poizvedbo.<\/p>\n\n\n\n<p>\u010ce ste kupec izdelkov, ki jih ponujamo v spletni trgovini, o vas zbiramo tudi druge osebne podatke, ki jih potrebujemo za izdajo ra\u010duna in po\u0161iljanje naro\u010denih izdelkov, ki ste jih naro\u010dili. Ti osebni podatki so:<\/p>\n\n\n\n<ul class=\"wp-block-list\">\n<li>ime in priimek;<\/li>\n\n\n\n<li>naslov (ulica in hi\u0161na \u0161tevilka, po\u0161tna \u0161tevilka in mesto)<\/li>\n\n\n\n<li>kontaktni e-po\u0161tni naslov;<\/li>\n\n\n\n<li>kontaktni telefon;<\/li>\n<\/ul>\n\n\n\n<p><strong>Kako uporabljamo (obdelujemo) va\u0161e osebne podatke?<\/strong><\/p>\n\n\n\n<p>Vsi posredovani osebni podatki so obravnavani zaupno in so uporabljeni zgolj za namen, zaradi katerega so bili posredovani. NA KLANCU d.o.o. z ustreznimi organizacijskimi ukrepi, postopki dela in tehnolo\u0161kimi re\u0161itvami ter z lastnimi in zunanjimi strokovnjaki izvaja vse potrebne ukrepe, da so va\u0161i podatki za\u0161\u010diteni. Pri tem NA KLANCU d.o.o. uporablja ustrezno stopnjo za\u0161\u010dite in razumne fizi\u010dne, elektronske in administrativne ukrepe, s katerimi zbrane podatke varuje pred nenamernim ali nezakonskim uni\u010denjem, izgubo, spreminjanjem, nepoobla\u0161\u010denim razkritjem osebnih podatkov ali pred nepoobla\u0161\u010denim dostopom do osebnih podatkov, ki so bili preneseni, shranjeni ali druga\u010de obdelani. Dostop do va\u0161ih osebnih podatkov je dovoljen samo osebju, ponudnikom storitev, ki te podatke potrebujejo iz poslovnih razlogov, ali tistim, ki jih potrebujejo za opravljanje svojega dela.<\/p>\n\n\n\n<p>\u010ce ste naro\u010dili izdelek, ki ga ponujamo v spletni trgovini NA KLANCU d.o.o. se osebni podatki zbirajo in obdelujejo za sklenitev in izvajanje kupoprodajne pogodbe, izdajo ra\u010duna in dostavo izdelka.<\/p>\n\n\n\n<p>Skladno z na\u0161im zakonitim poslovnim interesom, ki ga imamo kot trgovina, vas ob potrdilu naro\u010dila izdelka prijavimo na na\u0161e e-novice s katerimi vas obve\u0161\u010damo o podobnih izdelkih v na\u0161i ponudbi. Na za\u010detek prejemanja e-novic se lahko odjavite na povezavi, ki je posredovana skupaj z elektronskim poro\u010dilom o odposlanem naro\u010dilu oz. na povezavi, ki je v vsakem poslanem sporo\u010dilu e-novic.<\/p>\n\n\n\n<p>NA KLANCU d.o.o. se zavezuje, da podatkov, ki jih boste posredovali preko spletne trgovine ali na kakr\u0161enkoli drug na\u010din, ne bo prodajal, posojal ali kakorkoli druga\u010de posredoval tretjim osebam, razen v spodaj navedenih primerih in \u010de predpisi ne zapovedujejo druga\u010de.<\/p>\n\n\n\n<p>Va\u0161e osebne podatke bo NA KLANCU d.o.o. razkril zgolj navedenim tretjim osebam ob spodaj napisanih pogojih, pri \u010demer bo NA KLANCU d.o.o. zagotovil, da bodo va\u0161i osebni podatki obdelani, za\u0161\u010diteni in preneseni v skladu z veljavnimi predpisi:<\/p>\n\n\n\n<p><strong>Zunanji ponudniki storitev (dostavne slu\u017ebe in drugi)<\/strong><\/p>\n\n\n\n<p>Po potrebi bomo za izvajanje dolo\u010denih del, ki prispevajo k na\u0161im storitvam, pooblastili druga podjetja in posameznike. Osebne podatke lahko na primer posredujemo izvajalcem za gostitev na\u0161e podatkovne baze in aplikacij, za storitve obdelave podatkov ali za po\u0161iljanje informacij, ki ste jih zahtevali, za zagotavljanje podpornih storitev ipd. Zunanjim ponudnikom storitev bomo tovrstne podatke posredovali oziroma naredili dostopne samo v obsegu, ki ga zahteva dolo\u010den namen. Teh podatkov ne bodo smeli uporabljati v nobene druge namene. Zunanji ponudniki storitev NA KLANCU d.o.o. so pogodbeno zavezani k spo\u0161tovanju zaupnosti va\u0161ih osebnih podatkov.<\/p>\n\n\n\n<p><strong>Poslovni prenosi<\/strong><\/p>\n\n\n\n<p>V povezavi s kakr\u0161nokoli reorganizacijo, statusnim preoblikovanjem, prodajo ali s kakr\u0161nimkoli drugim prenosom sredstev (pod skupnim imenom \u00bbposlovni prenosi\u00ab) bomo podatke prenesli v razumnem obsegu in kot bo potrebno za poslovni prenos, in sicer pod pogojem, da se sprejemna stranka zave\u017ee k spo\u0161tovanju va\u0161ih osebnih podatkov v skladu z veljavnimi predpisi o varstvu osebnih podatkov. \u0160e naprej bomo zagotavljali zaupnost vseh osebnih podatkov in prizadete uporabnike obvestili, preden osebni podatki postanejo predmet drugega pravilnika o zasebnosti.<\/p>\n\n\n\n<p><strong>Javni organi<\/strong><\/p>\n\n\n\n<p>Javnim organom bomo va\u0161e osebne podatke razkrili samo v primerih, ko bo to zahtevala nacionalna zakonodaja ali pravo Evropske Unije. NA KLANCU d.o.o. se bo npr. odzval na zahteve sodi\u0161\u010d, organov pregona in drugih dr\u017eavnih organov, ki lahko vklju\u010dujejo tudi dr\u017eavne organe druge dr\u017eave \u010dlanice EU.<\/p>\n\n\n\n<p><strong>Zakoniti interes<\/strong><\/p>\n\n\n\n<p>Na podlagi zakonitega interesa uporabljamo va\u0161e osebne podatke za odkrivanje in prepre\u010devanje goljufive uporabe in zlorabe storitev ali naro\u010dnin nanje, nadalje v okviru zagotavljanja stabilnega delovanja na\u0161ega sistema in storitev pa tudi za namene izvajanja ukrepov informacijske varnosti, izpolnjevanje zahtev v zvezi s kakovostjo storitev ter odkrivanje tehni\u010dnih okvar sistemov in storitev.<\/p>\n\n\n\n<p>Na podlagi zakonitega interesa uporabljamo va\u0161e osebne podatke tudi za namene morebitnih izvr\u0161b, sodne in izvensodne izterjave.<\/p>\n\n\n\n<p><strong>Va\u0161e pravice v zvezi z va\u0161imi osebnimi podatki<\/strong><\/p>\n\n\n\n<p>Posamezniki lahko od NA KLANCU d.o.o. zahtevate dostop do osebnih podatkov, popravek, izbris ali omejitev obdelave va\u0161ih osebnih podatkov, imate pravici do ugovora obdelavi in prenosljivosti va\u0161ih osebnih podatkov.<\/p>\n\n\n\n<p><strong>Pravica do seznanitve:<\/strong>&nbsp;vedno imate pravico do seznanitve ali se v zvezi z vami obdelujejo osebni podatki in \u010de se, dostop do osebnih podatkov in naslednje informacije: (a) namene obdelave; (b) vrste zadevnih osebnih podatkov; (c) uporabnike ali kategorije uporabnika, ki so jim bili ali jim bodo razkriti osebni podatki; (d) predvideno obdobje hrambe osebnih podatkov ali, \u010de to ni mogo\u010de, merila, ki se uporabijo za dolo\u010ditev tega obdobja; (e) kadar osebni podatki niso zbrani od vas vse razpolo\u017eljive informacije v zvezi z njihovim virom.<\/p>\n\n\n\n<p><strong>Pravica do popravka:<\/strong>&nbsp;pravico imate pravico, da popravimo neto\u010dne osebne podatke v zvezi z vami ter ob upo\u0161tevanju namenov obdelave, pravico do dopolnitve nepopolnih osebnih podatkov.<\/p>\n\n\n\n<p><strong>Pravica do izbrisa:<\/strong>&nbsp;pravico imate dose\u010di, da va\u0161e osebne podatke izbri\u0161emo, kadar velja eden od naslednjih razlogov: (a) osebni podatki niso ve\u010d potrebni v namene, za katere so bili zbrani ali kako druga\u010de obdelani; (b) kadar prekli\u010dete privolitev, na podlagi katere poteka obdelava in kadar za obdelavo ne obstaja nobena druga pravna podlaga; (c) kadar obdelavi ugovarjate, za njihovo obdelavo pa ne obstajajo nobeni prevladujo\u010di zakoniti razlogi; (d) osebni podatki so bili obdelani nezakonito.<\/p>\n\n\n\n<p><strong>Pravica do omejitve obdelave:<\/strong>&nbsp;pravico imate dose\u010di, da omejimo obdelavo va\u0161ih osebnih podatkov, kadar velja en od naslednjih primerov:&nbsp;&nbsp;(a) kadar oporekate to\u010dnosti podatkov, in sicer za obdobje, ki nam omogo\u010da preveriti to\u010dnost osebnih podatkov; (b) je obdelava nezakonita, vi pa nasprotuje izbrisu osebnih podatkov ter namesto tega zahteva omejitev njihove uporabe; (c) va\u0161ih osebnih podatkov ne potrebujemo ve\u010d za namene obdelave, temve\u010d jih vi potrebujete za uveljavljanje, izvajanje ali obrambo pravnih zahtevkov; (d) \u010de ste vlo\u017eili ugovor v zvezi z obdelavo, ki temelji na zakonitih interesih NA KLANCU d.o.o., dokler se ne preveri, ali na\u0161i zakoniti razlogi prevladajo nad va\u0161imi razlogi.<\/p>\n\n\n\n<p>Kadar je bila obdelava va\u0161ih osebnih podatkov omejena v skladu s prej\u0161njim odstavkom, se taki osebni podatki z izjemo njihovega shranjevanja obdelujejo le z va\u0161o privolitvijo, ali za uveljavljanje, izvajanje ali obrambo pravnih zahtevkov ali zaradi varstva pravic druge fizi\u010dne ali pravne osebe.<\/p>\n\n\n\n<p>Pred preklicem omejitve obdelave va\u0161ih osebnih podatkov smo vas o tem dol\u017eni obvestiti.<\/p>\n\n\n\n<p><strong>Pravica do prenosljivosti podatkov:<\/strong>&nbsp;pravico imate, da prejmete va\u0161e osebne podatke, ki ste nam jih posredovali, v strukturirani, splo\u0161no uporabljani in strojno berljivi obliki, in pravico, da te podatke posredujete drugemu upravljavcu, kadar obdelava temelji na va\u0161i privolitvi ali se obdelava izvaja z avtomatiziranimi sredstvi. Na va\u0161o zahtevo, kadar je to tehni\u010dno izvedljivo, se lahko osebni podatki neposredno prenesejo k drugemu upravljavcu.<\/p>\n\n\n\n<p><strong>Pravica do ugovora:<\/strong>&nbsp;kadar va\u0161e podatke obdelujemo na podlagi zakonitega interesa za namene tr\u017eenja, lahko taki obdelavi kadarkoli ugovarjate.<\/p>\n\n\n\n<p><strong>Pravica do vlo\u017eitve prito\u017ebe pri Informacijskem poobla\u0161\u010dencu:<\/strong>&nbsp;\u010de o va\u0161i zahtevi ne odlo\u010dimo v zakonskem roku ali va\u0161o zahtevo zavrnemo, imate mo\u017enost vlo\u017eitve prito\u017ebe pri Informacijskem poobla\u0161\u010dencu.<\/p>\n\n\n\n<p><strong>Dostop in popravek va\u0161ih osebnih podatkov ter uveljavljanje drugih pravic<\/strong><\/p>\n\n\n\n<p>Kot uporabnik spletne trgovine NA KLANCU d.o.o. oz. kupec izdelkov NA KLANCU d.o.o. imate pravico da preverite ali NA KLANCU d.o.o. obdeluje osebne podatke o vas in do dostopa o osebnih podatkih, ki jih o vas hranimo oz. obdelujemo (v tem primeru vam jih bomo posredovali v obliki PDF dokumenta, ki je strojno berljiv). Vedno lahko zahtevate, da se neto\u010dni osebni podatki o vas popravijo. V kolikor menite, da ne obstaja ve\u010d upravi\u010den razlog za nadaljnjo uporabo oz. obdelavo va\u0161ih osebnih podatkov nam to sporo\u010dite, vendar dolo\u010denih osebnih podatkov, ki jih zbiramo na podlagi Zakona o davku na dodano vrednost ne smemo zbrisati. Imate tudi pravico, da omejite uporabo va\u0161ih osebnih podatkov v primerih, ko oporekate to\u010dnosti osebnih podatkov, ko ocenite, da je obdelava nezakonita vendar ne \u017eelite izbrisa in ko osebni podatki niso ve\u010d potrebni za namen obdelave potrebujete pa jih za uveljavitev pravnih zahtevkov. V primeru naro\u010dila na e-novice imate pravico ugovarjati obdelavi va\u0161ih osebnih podatkov<\/p>\n\n\n\n<p>Za morebitno uveljavljanje svojih opisanih pravic, vas prosimo, da nam svojo zahtevo posredujete pisno, preko elektronske po\u0161te na naslov&nbsp;info@tadejpogacar.com. O va\u0161i zahtevi vam bo odgovorna oseba&nbsp;odgovorila v predpisanem roku 1 meseca. V primeru zapletenosti in ve\u010djega \u0161tevila zahtev lahko rok podalj\u0161amo za najve\u010d dva dodatna meseca, o \u010demer boste obve\u0161\u010deni.<\/p>\n\n\n\n<p><strong>Hramba<\/strong><\/p>\n\n\n\n<p>NA KLANCU d.o.o. hrani osebne podatke, ki jih je prejel od vas do odjave od e-novic (umik soglasja).<\/p>\n\n\n\n<p>NA KLANCU d.o.o. hrani podatke povezane s kontaktnim obrazcem \u0161e en mesec po zaklju\u010dku komunikacije. Po tem \u010dasu jih izbri\u0161emo, \u010de zakon ne dolo\u010da druga\u010de.<\/p>\n\n\n\n<p>Na podlagi dolo\u010db dav\u010dnih predpisov je NA KLANCU d.o.o. zavezan hraniti ra\u010dune na katerih so osebni podatki kupca izdelkov NA KLANCU d.o.o. \u0161e 10 let po datumu izdaje ra\u010duna.<\/p>\n\n\n\n<p>NA KLANCU d.o.o. tudi ne bo izbrisal tistih podatkov, ki jih potrebuje, da si zagotovi dokaz, da je podatke o osebi izbrisal (t.i. revizijska sled), in da hrani zapise o osebah, ki ne \u017eelijo, da jih NA KLANCU d.o.o. v prihodnje kontaktira.<\/p>\n\n\n\n<p><strong>Pi\u0161kotki<\/strong><\/p>\n\n\n\n<p>NA KLANCU d.o.o. na spletnem mestu uporablja \u201cpi\u0161kotke\u201d- to so majhne datoteke, ki se ob obisku strani shranijo na va\u0161 ra\u010dunalnik. Pi\u0161kotki vam lahko olaj\u0161ajo nadaljnje obiske strani. Z nastavitvami v va\u0161em brskalniku se lahko odlo\u010dite ali boste \u201cpi\u0161kotke\u201d sprejeli ali zavrnili.<\/p>\n\n\n\n<p>\u010ce \u00bbpi\u0161kotkov\u00ab ne sprejmete, nekatere spletne strani morda ne bodo prikazane pravilno ali pa vam ne bo omogo\u010den dostop do vseh informacij ali funkcionalnosti spletnih strani, ni pa sprejem pi\u0161kotov pogoj za uporabo spletne strani NA KLANCU d.o.o.<\/p>\n\n\n\n<p>session<\/p>\n\n\n\n<p>NA KLANCU d.o.o.<\/p>\n\n\n\n<p>Ohranja stanje uporabni\u0161ke seje med zahtevami strani.<\/p>\n\n\n\n<hr class=\"wp-block-separator has-alpha-channel-opacity\"\/>\n\n\n\n<p>cookie-consent<\/p>\n\n\n\n<p>NA KLANCU d.o.o.<\/p>\n\n\n\n<p>Shrani strinjanje z uporabo pi\u0161kotkov<\/p>\n\n\n\n<hr class=\"wp-block-separator has-alpha-channel-opacity\"\/>\n\n\n\n<p>disable-purchase-notification<\/p>\n\n\n\n<p>NA KLANCU d.o.o.<\/p>\n\n\n\n<p>Shrani izklop nakupnih obvestil<\/p>\n\n\n\n<hr class=\"wp-block-separator has-alpha-channel-opacity\"\/>\n\n\n\n<p>_cfduid<\/p>\n\n\n\n<p>NA KLANCU d.o.o.<\/p>\n\n\n\n<p>Unikatni identifikator uporabnika na spletnem mestu<\/p>\n\n\n\n<hr class=\"wp-block-separator has-alpha-channel-opacity\"\/>\n\n\n\n<p>fr<\/p>\n\n\n\n<p>facebook.com<\/p>\n\n\n\n<p>Za pove\u010danje sodelovanja na\u0161ih uporabnikov preko dru\u017ebenih omre\u017eij, analizo prodaje in ponovno targetiranje uporabnikov.<\/p>\n\n\n\n<hr class=\"wp-block-separator has-alpha-channel-opacity\"\/>\n\n\n\n<p>tr<\/p>\n\n\n\n<p>facebook.com<\/p>\n\n\n\n<p>Za pove\u010danje sodelovanja na\u0161ih uporabnikov preko dru\u017ebenih omre\u017eij, analizo prodaje in ponovno targetiranje uporabnikov.<\/p>\n\n\n\n<hr class=\"wp-block-separator has-alpha-channel-opacity\"\/>\n\n\n\n<p>_fbp<\/p>\n\n\n\n<p>facebook.com<\/p>\n\n\n\n<p>Remarketing obstoje\u010dih uporabnikov<\/p>\n\n\n\n<hr class=\"wp-block-separator has-alpha-channel-opacity\"\/>\n\n\n\n<p>__utma \u2013 Google Analytics<\/p>\n\n\n\n<p>NA KLANCU d.o.o.<\/p>\n\n\n\n<p>Zbira podatke o \u0161tevilu obiskov spletnega mesta ter datume prvega in zadnjega obiska.<\/p>\n\n\n\n<hr class=\"wp-block-separator has-alpha-channel-opacity\"\/>\n\n\n\n<p>__utmb \u2013 Google Analytics<\/p>\n\n\n\n<p>NA KLANCU d.o.o.<\/p>\n\n\n\n<p>Registrira natan\u010den \u010das uporabnikovega dostopa do spletnega mesta.<\/p>\n\n\n\n<hr class=\"wp-block-separator has-alpha-channel-opacity\"\/>\n\n\n\n<p>__utmc \u2013 Google Analytics<\/p>\n\n\n\n<p>NA KLANCU d.o.o.<\/p>\n\n\n\n<p>Registrira natan\u010den \u010das uporabnikovega dostopa do spletnega mesta.<\/p>\n\n\n\n<hr class=\"wp-block-separator has-alpha-channel-opacity\"\/>\n\n\n\n<p>__utmt \u2013 Google Analytics<\/p>\n\n\n\n<p>NA KLANCU d.o.o.<\/p>\n\n\n\n<p>Uporablja se za uravnavanje pomikov zahtev na stre\u017enik.<\/p>\n\n\n\n<hr class=\"wp-block-separator has-alpha-channel-opacity\"\/>\n\n\n\n<p>__utmz \u2013 Google Analytics<\/p>\n\n\n\n<p>NA KLANCU d.o.o.<\/p>\n\n\n\n<p>Omogo\u010da statistiko obiska in prodaje preko razli\u010dnih kanalov.<\/p>\n\n\n\n<hr class=\"wp-block-separator has-alpha-channel-opacity\"\/>\n\n\n\n<p>_ga<\/p>\n\n\n\n<p>NA KLANCU d.o.o.<\/p>\n\n\n\n<p>Registrira edinstven ID, ki se uporablja za statisti\u010dne podatke o tem, kako obiskovalec uporablja spletno mesto.<\/p>\n\n\n\n<hr class=\"wp-block-separator has-alpha-channel-opacity\"\/>\n\n\n\n<p>_gat<\/p>\n\n\n\n<p>NA KLANCU d.o.o.<\/p>\n\n\n\n<p>Za uravnavanje \u0161tevila poslanih zahtevkov.<\/p>\n\n\n\n<hr class=\"wp-block-separator has-alpha-channel-opacity\"\/>\n\n\n\n<p>_gid<\/p>\n\n\n\n<p>NA KLANCU d.o.o.<\/p>\n\n\n\n<p>Registrira edinstven ID, ki se uporablja za statisti\u010dne podatke o tem, kako obiskovalec uporablja spletno mesto.<\/p>\n\n\n\n<p><strong>Sprememba pravil zasebnosti<\/strong><\/p>\n\n\n\n<p>NA KLANCU d.o.o. si pridr\u017euje pravico, da lahko po lastni presoji kadarkoli spremeni svojo politiko o zasebnosti in posodobi ter spremeni ta pravilnik o zasebnosti. Zato vam svetujemo, da ta pravilnik o zasebnosti redno pregledujete.<\/p>\n\n\n\n<p><strong>Kontakt<\/strong><\/p>\n\n\n\n<p>\u010ce imate kak\u0161no vpra\u0161anje o pravilniku o zasebnosti ali o podatkih, ki jih o vas hranimo, nam pi\u0161ite na e-po\u0161tni naslov&nbsp;info@tadejpogacar.com<\/p>\n","protected":false},"excerpt":{"rendered":"<p>Spletno trgovino&nbsp;www. tadejpogacar.com upravlja NA KLANCU d.o.o., Brodi\u0161\u010de 9, Trzin, 1236 Trzin, Slovenia (v nadaljevanju: NA KLANCU d.o.o.; tudi izpeljanke<\/p>\n","protected":false},"author":1,"featured_media":0,"parent":0,"menu_order":0,"comment_status":"closed","ping_status":"closed","template":"","meta":{"_acf_changed":false,"iawp_total_views":282,"footnotes":""},"class_list":["post-3","page","type-page","status-publish","hentry"],"acf":[],"yoast_head":"<!-- This site is optimized with the Yoast SEO plugin v27.1.1 - https:\/\/yoast.com\/product\/yoast-seo-wordpress\/ -->\n<title>Politika zasebnosti - Tadej Poga\u010dar<\/title>\n<meta name=\"robots\" content=\"index, follow, max-snippet:-1, max-image-preview:large, max-video-preview:-1\" \/>\n<link rel=\"canonical\" href=\"https:\/\/tadejpogacar.com\/sl\/politika-zasebnosti\/\" \/>\n<meta property=\"og:locale\" content=\"sl_SI\" \/>\n<meta property=\"og:type\" content=\"article\" \/>\n<meta property=\"og:title\" content=\"Politika zasebnosti - Tadej Poga\u010dar\" \/>\n<meta property=\"og:description\" content=\"Spletno trgovino&nbsp;www. tadejpogacar.com upravlja NA KLANCU d.o.o., Brodi\u0161\u010de 9, Trzin, 1236 Trzin, Slovenia (v nadaljevanju: NA KLANCU d.o.o.; tudi izpeljanke\" \/>\n<meta property=\"og:url\" content=\"https:\/\/tadejpogacar.com\/sl\/politika-zasebnosti\/\" \/>\n<meta property=\"og:site_name\" content=\"Tadej Poga\u010dar\" \/>\n<meta property=\"article:publisher\" content=\"https:\/\/www.facebook.com\/Tadej-Pogaar-Brand-108786571960953\" \/>\n<meta property=\"article:modified_time\" content=\"2024-08-30T06:58:00+00:00\" \/>\n<meta name=\"twitter:card\" content=\"summary_large_image\" \/>\n<meta name=\"twitter:site\" content=\"@TamauPogi\" \/>\n<meta name=\"twitter:label1\" content=\"Est. reading time\" \/>\n\t<meta name=\"twitter:data1\" content=\"9 minut\" \/>\n<script type=\"application\/ld+json\" class=\"yoast-schema-graph\">{\"@context\":\"https:\/\/schema.org\",\"@graph\":[{\"@type\":\"WebPage\",\"@id\":\"https:\/\/tadejpogacar.com\/sl\/politika-zasebnosti\/\",\"url\":\"https:\/\/tadejpogacar.com\/sl\/politika-zasebnosti\/\",\"name\":\"Politika zasebnosti - Tadej Poga\u010dar\",\"isPartOf\":{\"@id\":\"https:\/\/tadejpogacar.com\/sl\/#website\"},\"datePublished\":\"2024-08-29T11:39:01+00:00\",\"dateModified\":\"2024-08-30T06:58:00+00:00\",\"breadcrumb\":{\"@id\":\"https:\/\/tadejpogacar.com\/sl\/politika-zasebnosti\/#breadcrumb\"},\"inLanguage\":\"sl-SI\",\"potentialAction\":[{\"@type\":\"ReadAction\",\"target\":[\"https:\/\/tadejpogacar.com\/sl\/politika-zasebnosti\/\"]}]},{\"@type\":\"BreadcrumbList\",\"@id\":\"https:\/\/tadejpogacar.com\/sl\/politika-zasebnosti\/#breadcrumb\",\"itemListElement\":[{\"@type\":\"ListItem\",\"position\":1,\"name\":\"Home\",\"item\":\"https:\/\/tadejpogacar.com\/sl\/\"},{\"@type\":\"ListItem\",\"position\":2,\"name\":\"Politika zasebnosti\"}]},{\"@type\":\"WebSite\",\"@id\":\"https:\/\/tadejpogacar.com\/sl\/#website\",\"url\":\"https:\/\/tadejpogacar.com\/sl\/\",\"name\":\"Tadej Poga\u010dar\",\"description\":\"Uradna spletna stran\",\"publisher\":{\"@id\":\"https:\/\/tadejpogacar.com\/sl\/#organization\"},\"potentialAction\":[{\"@type\":\"SearchAction\",\"target\":{\"@type\":\"EntryPoint\",\"urlTemplate\":\"https:\/\/tadejpogacar.com\/sl\/?s={search_term_string}\"},\"query-input\":{\"@type\":\"PropertyValueSpecification\",\"valueRequired\":true,\"valueName\":\"search_term_string\"}}],\"inLanguage\":\"sl-SI\"},{\"@type\":\"Organization\",\"@id\":\"https:\/\/tadejpogacar.com\/sl\/#organization\",\"name\":\"Na klancu d.o.o.\",\"url\":\"https:\/\/tadejpogacar.com\/sl\/\",\"logo\":{\"@type\":\"ImageObject\",\"inLanguage\":\"sl-SI\",\"@id\":\"https:\/\/tadejpogacar.com\/sl\/#\/schema\/logo\/image\/\",\"url\":\"https:\/\/tadejpogacar.com\/sl\/wp-content\/uploads\/sites\/3\/2024\/08\/TadejPogacar.webp\",\"contentUrl\":\"https:\/\/tadejpogacar.com\/sl\/wp-content\/uploads\/sites\/3\/2024\/08\/TadejPogacar.webp\",\"width\":300,\"height\":68,\"caption\":\"Na klancu d.o.o.\"},\"image\":{\"@id\":\"https:\/\/tadejpogacar.com\/sl\/#\/schema\/logo\/image\/\"},\"sameAs\":[\"https:\/\/www.facebook.com\/Tadej-Pogaar-Brand-108786571960953\",\"https:\/\/x.com\/TamauPogi\",\"https:\/\/www.instagram.com\/tadejpogacar\/\",\"https:\/\/www.youtube.com\/c\/TadejPogacarOfficial\/videos\"]}]}<\/script>\n<!-- \/ Yoast SEO plugin. -->","yoast_head_json":{"title":"Politika zasebnosti - Tadej Poga\u010dar","robots":{"index":"index","follow":"follow","max-snippet":"max-snippet:-1","max-image-preview":"max-image-preview:large","max-video-preview":"max-video-preview:-1"},"canonical":"https:\/\/tadejpogacar.com\/sl\/politika-zasebnosti\/","og_locale":"sl_SI","og_type":"article","og_title":"Politika zasebnosti - Tadej Poga\u010dar","og_description":"Spletno trgovino&nbsp;www. tadejpogacar.com upravlja NA KLANCU d.o.o., Brodi\u0161\u010de 9, Trzin, 1236 Trzin, Slovenia (v nadaljevanju: NA KLANCU d.o.o.; tudi izpeljanke","og_url":"https:\/\/tadejpogacar.com\/sl\/politika-zasebnosti\/","og_site_name":"Tadej Poga\u010dar","article_publisher":"https:\/\/www.facebook.com\/Tadej-Pogaar-Brand-108786571960953","article_modified_time":"2024-08-30T06:58:00+00:00","twitter_card":"summary_large_image","twitter_site":"@TamauPogi","twitter_misc":{"Est. reading time":"9 minut"},"schema":{"@context":"https:\/\/schema.org","@graph":[{"@type":"WebPage","@id":"https:\/\/tadejpogacar.com\/sl\/politika-zasebnosti\/","url":"https:\/\/tadejpogacar.com\/sl\/politika-zasebnosti\/","name":"Politika zasebnosti - Tadej Poga\u010dar","isPartOf":{"@id":"https:\/\/tadejpogacar.com\/sl\/#website"},"datePublished":"2024-08-29T11:39:01+00:00","dateModified":"2024-08-30T06:58:00+00:00","breadcrumb":{"@id":"https:\/\/tadejpogacar.com\/sl\/politika-zasebnosti\/#breadcrumb"},"inLanguage":"sl-SI","potentialAction":[{"@type":"ReadAction","target":["https:\/\/tadejpogacar.com\/sl\/politika-zasebnosti\/"]}]},{"@type":"BreadcrumbList","@id":"https:\/\/tadejpogacar.com\/sl\/politika-zasebnosti\/#breadcrumb","itemListElement":[{"@type":"ListItem","position":1,"name":"Home","item":"https:\/\/tadejpogacar.com\/sl\/"},{"@type":"ListItem","position":2,"name":"Politika zasebnosti"}]},{"@type":"WebSite","@id":"https:\/\/tadejpogacar.com\/sl\/#website","url":"https:\/\/tadejpogacar.com\/sl\/","name":"Tadej Poga\u010dar","description":"Uradna spletna stran","publisher":{"@id":"https:\/\/tadejpogacar.com\/sl\/#organization"},"potentialAction":[{"@type":"SearchAction","target":{"@type":"EntryPoint","urlTemplate":"https:\/\/tadejpogacar.com\/sl\/?s={search_term_string}"},"query-input":{"@type":"PropertyValueSpecification","valueRequired":true,"valueName":"search_term_string"}}],"inLanguage":"sl-SI"},{"@type":"Organization","@id":"https:\/\/tadejpogacar.com\/sl\/#organization","name":"Na klancu d.o.o.","url":"https:\/\/tadejpogacar.com\/sl\/","logo":{"@type":"ImageObject","inLanguage":"sl-SI","@id":"https:\/\/tadejpogacar.com\/sl\/#\/schema\/logo\/image\/","url":"https:\/\/tadejpogacar.com\/sl\/wp-content\/uploads\/sites\/3\/2024\/08\/TadejPogacar.webp","contentUrl":"https:\/\/tadejpogacar.com\/sl\/wp-content\/uploads\/sites\/3\/2024\/08\/TadejPogacar.webp","width":300,"height":68,"caption":"Na klancu d.o.o."},"image":{"@id":"https:\/\/tadejpogacar.com\/sl\/#\/schema\/logo\/image\/"},"sameAs":["https:\/\/www.facebook.com\/Tadej-Pogaar-Brand-108786571960953","https:\/\/x.com\/TamauPogi","https:\/\/www.instagram.com\/tadejpogacar\/","https:\/\/www.youtube.com\/c\/TadejPogacarOfficial\/videos"]}]}},"_links":{"self":[{"href":"https:\/\/tadejpogacar.com\/sl\/wp-json\/wp\/v2\/pages\/3","targetHints":{"allow":["GET"]}}],"collection":[{"href":"https:\/\/tadejpogacar.com\/sl\/wp-json\/wp\/v2\/pages"}],"about":[{"href":"https:\/\/tadejpogacar.com\/sl\/wp-json\/wp\/v2\/types\/page"}],"author":[{"embeddable":true,"href":"https:\/\/tadejpogacar.com\/sl\/wp-json\/wp\/v2\/users\/1"}],"replies":[{"embeddable":true,"href":"https:\/\/tadejpogacar.com\/sl\/wp-json\/wp\/v2\/comments?post=3"}],"version-history":[{"count":2,"href":"https:\/\/tadejpogacar.com\/sl\/wp-json\/wp\/v2\/pages\/3\/revisions"}],"predecessor-version":[{"id":22,"href":"https:\/\/tadejpogacar.com\/sl\/wp-json\/wp\/v2\/pages\/3\/revisions\/22"}],"wp:attachment":[{"href":"https:\/\/tadejpogacar.com\/sl\/wp-json\/wp\/v2\/media?parent=3"}],"curies":[{"name":"wp","href":"https:\/\/api.w.org\/{rel}","templated":true}]}}