{"id":20,"date":"2024-08-30T06:06:40","date_gmt":"2024-08-30T06:06:40","guid":{"rendered":"https:\/\/tadejpogacar.com\/sl\/?page_id=20"},"modified":"2024-09-01T09:48:30","modified_gmt":"2024-09-01T09:48:30","slug":"dostava-vracila","status":"publish","type":"page","link":"https:\/\/tadejpogacar.com\/sl\/dostava-vracila\/","title":{"rendered":"Dostava &amp; Vra\u010dila"},"content":{"rendered":"\n<p>Kljub temu, da se trudimo kupcem ponuditi le najbolj\u0161e, se lahko kdaj pripeti kak\u0161na nev\u0161e\u010dnost. \u010ce si prejel\/a napa\u010dno velikost, \u010de je izdelek po\u0161kodovan ali ima strojno napako, lahko izdelek vrne\u0161, mi pa ti bomo poslali novega.<\/p>\n\n\n\n<p>\u010ce si naro\u010dil\/a ve\u010d izdelkov, se prepri\u010daj, da je izdelek, ki ga \u017eeli\u0161 vrniti, vrnjen v pravi vre\u010dki, na kateri je navedeno pravo ime izdelka.<\/p>\n\n\n\n<p>Izdelke je mo\u017eno vrniti skladno s splo\u0161nimi pogoji.<br><strong>Povzetek splo\u0161nih pogojev:<\/strong><br>\u2014 Izdelek mora biti neno\u0161en, neopran, z vsemi pritrjenimi etiketami in v originalni embala\u017ei. Na izdelku prav tako ne sme biti nobenih drugih made\u017eev, dlak, ali kakr\u0161nih koli ostalih po\u0161kodb.<br>\u2014 Po uspe\u0161no oddanem obrazcu za vra\u010dilo, izdelke vrne\u0161 na naslov podjetja&nbsp;Na Klancu d.o.o. Ulica Jo\u017eeta Jame 14, 1210 Ljubljana<br>\u2014 Paketov z odkupnino ne sprejemamo. Kupec je sam dol\u017ean pla\u010dati stro\u0161ke po\u0161iljanja za vra\u010dilo svojega izdelka. Stro\u0161ki po\u0161tnine se ne vra\u010dajo.<br>\u2014 V kolikor se pojavijo kakr\u0161ne koli te\u017eave ali vpra\u0161anja, se obrni na na\u0161o ekipo na&nbsp;<a href=\"mailto:info@tadejpogacar.com\">info@tadejpogacar.com<\/a>. Odgovorili ti bomo v najkraj\u0161em mo\u017enem \u010dasu.<\/p>\n","protected":false},"excerpt":{"rendered":"<p>Kljub temu, da se trudimo kupcem ponuditi le najbolj\u0161e, se lahko kdaj pripeti kak\u0161na nev\u0161e\u010dnost. \u010ce si prejel\/a napa\u010dno velikost,<\/p>\n","protected":false},"author":1,"featured_media":0,"parent":0,"menu_order":0,"comment_status":"closed","ping_status":"closed","template":"","meta":{"_acf_changed":false,"iawp_total_views":1496,"footnotes":""},"class_list":["post-20","page","type-page","status-publish","hentry"],"acf":[],"yoast_head":"<!-- This site is optimized with the Yoast SEO plugin v27.1.1 - https:\/\/yoast.com\/product\/yoast-seo-wordpress\/ -->\n<title>Dostava &amp; Vra\u010dila - Tadej Poga\u010dar<\/title>\n<meta name=\"robots\" content=\"index, follow, max-snippet:-1, max-image-preview:large, max-video-preview:-1\" \/>\n<link rel=\"canonical\" href=\"https:\/\/tadejpogacar.com\/sl\/dostava-vracila\/\" \/>\n<meta property=\"og:locale\" content=\"sl_SI\" \/>\n<meta property=\"og:type\" content=\"article\" \/>\n<meta property=\"og:title\" content=\"Dostava &amp; Vra\u010dila - Tadej Poga\u010dar\" \/>\n<meta property=\"og:description\" content=\"Kljub temu, da se trudimo kupcem ponuditi le najbolj\u0161e, se lahko kdaj pripeti kak\u0161na nev\u0161e\u010dnost. \u010ce si prejel\/a napa\u010dno velikost,\" \/>\n<meta property=\"og:url\" content=\"https:\/\/tadejpogacar.com\/sl\/dostava-vracila\/\" \/>\n<meta property=\"og:site_name\" content=\"Tadej Poga\u010dar\" \/>\n<meta property=\"article:publisher\" content=\"https:\/\/www.facebook.com\/Tadej-Pogaar-Brand-108786571960953\" \/>\n<meta property=\"article:modified_time\" content=\"2024-09-01T09:48:30+00:00\" \/>\n<meta name=\"twitter:card\" content=\"summary_large_image\" \/>\n<meta name=\"twitter:site\" content=\"@TamauPogi\" \/>\n<meta name=\"twitter:label1\" content=\"Est. reading time\" \/>\n\t<meta name=\"twitter:data1\" content=\"1 minuta\" \/>\n<script type=\"application\/ld+json\" class=\"yoast-schema-graph\">{\"@context\":\"https:\/\/schema.org\",\"@graph\":[{\"@type\":\"WebPage\",\"@id\":\"https:\/\/tadejpogacar.com\/sl\/dostava-vracila\/\",\"url\":\"https:\/\/tadejpogacar.com\/sl\/dostava-vracila\/\",\"name\":\"Dostava &amp; Vra\u010dila - Tadej Poga\u010dar\",\"isPartOf\":{\"@id\":\"https:\/\/tadejpogacar.com\/sl\/#website\"},\"datePublished\":\"2024-08-30T06:06:40+00:00\",\"dateModified\":\"2024-09-01T09:48:30+00:00\",\"breadcrumb\":{\"@id\":\"https:\/\/tadejpogacar.com\/sl\/dostava-vracila\/#breadcrumb\"},\"inLanguage\":\"sl-SI\",\"potentialAction\":[{\"@type\":\"ReadAction\",\"target\":[\"https:\/\/tadejpogacar.com\/sl\/dostava-vracila\/\"]}]},{\"@type\":\"BreadcrumbList\",\"@id\":\"https:\/\/tadejpogacar.com\/sl\/dostava-vracila\/#breadcrumb\",\"itemListElement\":[{\"@type\":\"ListItem\",\"position\":1,\"name\":\"Home\",\"item\":\"https:\/\/tadejpogacar.com\/sl\/\"},{\"@type\":\"ListItem\",\"position\":2,\"name\":\"Dostava &amp; Vra\u010dila\"}]},{\"@type\":\"WebSite\",\"@id\":\"https:\/\/tadejpogacar.com\/sl\/#website\",\"url\":\"https:\/\/tadejpogacar.com\/sl\/\",\"name\":\"Tadej Poga\u010dar\",\"description\":\"Uradna spletna stran\",\"publisher\":{\"@id\":\"https:\/\/tadejpogacar.com\/sl\/#organization\"},\"potentialAction\":[{\"@type\":\"SearchAction\",\"target\":{\"@type\":\"EntryPoint\",\"urlTemplate\":\"https:\/\/tadejpogacar.com\/sl\/?s={search_term_string}\"},\"query-input\":{\"@type\":\"PropertyValueSpecification\",\"valueRequired\":true,\"valueName\":\"search_term_string\"}}],\"inLanguage\":\"sl-SI\"},{\"@type\":\"Organization\",\"@id\":\"https:\/\/tadejpogacar.com\/sl\/#organization\",\"name\":\"Na klancu d.o.o.\",\"url\":\"https:\/\/tadejpogacar.com\/sl\/\",\"logo\":{\"@type\":\"ImageObject\",\"inLanguage\":\"sl-SI\",\"@id\":\"https:\/\/tadejpogacar.com\/sl\/#\/schema\/logo\/image\/\",\"url\":\"https:\/\/tadejpogacar.com\/sl\/wp-content\/uploads\/sites\/3\/2024\/08\/TadejPogacar.webp\",\"contentUrl\":\"https:\/\/tadejpogacar.com\/sl\/wp-content\/uploads\/sites\/3\/2024\/08\/TadejPogacar.webp\",\"width\":300,\"height\":68,\"caption\":\"Na klancu d.o.o.\"},\"image\":{\"@id\":\"https:\/\/tadejpogacar.com\/sl\/#\/schema\/logo\/image\/\"},\"sameAs\":[\"https:\/\/www.facebook.com\/Tadej-Pogaar-Brand-108786571960953\",\"https:\/\/x.com\/TamauPogi\",\"https:\/\/www.instagram.com\/tadejpogacar\/\",\"https:\/\/www.youtube.com\/c\/TadejPogacarOfficial\/videos\"]}]}<\/script>\n<!-- \/ Yoast SEO plugin. -->","yoast_head_json":{"title":"Dostava &amp; Vra\u010dila - Tadej Poga\u010dar","robots":{"index":"index","follow":"follow","max-snippet":"max-snippet:-1","max-image-preview":"max-image-preview:large","max-video-preview":"max-video-preview:-1"},"canonical":"https:\/\/tadejpogacar.com\/sl\/dostava-vracila\/","og_locale":"sl_SI","og_type":"article","og_title":"Dostava &amp; Vra\u010dila - Tadej Poga\u010dar","og_description":"Kljub temu, da se trudimo kupcem ponuditi le najbolj\u0161e, se lahko kdaj pripeti kak\u0161na nev\u0161e\u010dnost. \u010ce si prejel\/a napa\u010dno velikost,","og_url":"https:\/\/tadejpogacar.com\/sl\/dostava-vracila\/","og_site_name":"Tadej Poga\u010dar","article_publisher":"https:\/\/www.facebook.com\/Tadej-Pogaar-Brand-108786571960953","article_modified_time":"2024-09-01T09:48:30+00:00","twitter_card":"summary_large_image","twitter_site":"@TamauPogi","twitter_misc":{"Est. reading time":"1 minuta"},"schema":{"@context":"https:\/\/schema.org","@graph":[{"@type":"WebPage","@id":"https:\/\/tadejpogacar.com\/sl\/dostava-vracila\/","url":"https:\/\/tadejpogacar.com\/sl\/dostava-vracila\/","name":"Dostava &amp; Vra\u010dila - Tadej Poga\u010dar","isPartOf":{"@id":"https:\/\/tadejpogacar.com\/sl\/#website"},"datePublished":"2024-08-30T06:06:40+00:00","dateModified":"2024-09-01T09:48:30+00:00","breadcrumb":{"@id":"https:\/\/tadejpogacar.com\/sl\/dostava-vracila\/#breadcrumb"},"inLanguage":"sl-SI","potentialAction":[{"@type":"ReadAction","target":["https:\/\/tadejpogacar.com\/sl\/dostava-vracila\/"]}]},{"@type":"BreadcrumbList","@id":"https:\/\/tadejpogacar.com\/sl\/dostava-vracila\/#breadcrumb","itemListElement":[{"@type":"ListItem","position":1,"name":"Home","item":"https:\/\/tadejpogacar.com\/sl\/"},{"@type":"ListItem","position":2,"name":"Dostava &amp; Vra\u010dila"}]},{"@type":"WebSite","@id":"https:\/\/tadejpogacar.com\/sl\/#website","url":"https:\/\/tadejpogacar.com\/sl\/","name":"Tadej Poga\u010dar","description":"Uradna spletna stran","publisher":{"@id":"https:\/\/tadejpogacar.com\/sl\/#organization"},"potentialAction":[{"@type":"SearchAction","target":{"@type":"EntryPoint","urlTemplate":"https:\/\/tadejpogacar.com\/sl\/?s={search_term_string}"},"query-input":{"@type":"PropertyValueSpecification","valueRequired":true,"valueName":"search_term_string"}}],"inLanguage":"sl-SI"},{"@type":"Organization","@id":"https:\/\/tadejpogacar.com\/sl\/#organization","name":"Na klancu d.o.o.","url":"https:\/\/tadejpogacar.com\/sl\/","logo":{"@type":"ImageObject","inLanguage":"sl-SI","@id":"https:\/\/tadejpogacar.com\/sl\/#\/schema\/logo\/image\/","url":"https:\/\/tadejpogacar.com\/sl\/wp-content\/uploads\/sites\/3\/2024\/08\/TadejPogacar.webp","contentUrl":"https:\/\/tadejpogacar.com\/sl\/wp-content\/uploads\/sites\/3\/2024\/08\/TadejPogacar.webp","width":300,"height":68,"caption":"Na klancu d.o.o."},"image":{"@id":"https:\/\/tadejpogacar.com\/sl\/#\/schema\/logo\/image\/"},"sameAs":["https:\/\/www.facebook.com\/Tadej-Pogaar-Brand-108786571960953","https:\/\/x.com\/TamauPogi","https:\/\/www.instagram.com\/tadejpogacar\/","https:\/\/www.youtube.com\/c\/TadejPogacarOfficial\/videos"]}]}},"_links":{"self":[{"href":"https:\/\/tadejpogacar.com\/sl\/wp-json\/wp\/v2\/pages\/20","targetHints":{"allow":["GET"]}}],"collection":[{"href":"https:\/\/tadejpogacar.com\/sl\/wp-json\/wp\/v2\/pages"}],"about":[{"href":"https:\/\/tadejpogacar.com\/sl\/wp-json\/wp\/v2\/types\/page"}],"author":[{"embeddable":true,"href":"https:\/\/tadejpogacar.com\/sl\/wp-json\/wp\/v2\/users\/1"}],"replies":[{"embeddable":true,"href":"https:\/\/tadejpogacar.com\/sl\/wp-json\/wp\/v2\/comments?post=20"}],"version-history":[{"count":2,"href":"https:\/\/tadejpogacar.com\/sl\/wp-json\/wp\/v2\/pages\/20\/revisions"}],"predecessor-version":[{"id":464,"href":"https:\/\/tadejpogacar.com\/sl\/wp-json\/wp\/v2\/pages\/20\/revisions\/464"}],"wp:attachment":[{"href":"https:\/\/tadejpogacar.com\/sl\/wp-json\/wp\/v2\/media?parent=20"}],"curies":[{"name":"wp","href":"https:\/\/api.w.org\/{rel}","templated":true}]}}